{"id":9,"date":"2017-11-03T08:19:03","date_gmt":"2017-11-03T08:19:03","guid":{"rendered":"http:\/\/albergo.elated-themes.com\/?page_id=9"},"modified":"2022-02-21T12:15:15","modified_gmt":"2022-02-21T10:15:15","slug":"tortenetunk","status":"publish","type":"page","link":"https:\/\/villamillennium.hu\/hu\/tortenetunk\/","title":{"rendered":"T\u00f6rt\u00e9net\u00fcnk"},"content":{"rendered":"<div class=\"wpb-content-wrapper\"><p>[vc_row row_content_width=&#8221;grid&#8221; content_text_aligment=&#8221;center&#8221; css=&#8221;.vc_custom_1638370192762{margin-top: 100px !important;padding-top: 40px !important;padding-bottom: 40px !important;background-color: #ffffff !important;}&#8221;][vc_column]<div class=\"eltd-section-title-holder eltd-separator-disabled  eltd-st-text-position-center\" style=\"text-align: center\">\n    <div class=\"eltd-section-title-inner\">\n                            <h1 class=\"eltd-st-title eltd-title-center\" >\n                <span class=\"eltd-st-before\"><\/span>\n                <span>T\u00f6rt\u00e9net\u00fcnk<\/span>\n            <\/h1>\n                            <\/div>\n<\/div>[\/vc_column][\/vc_row][vc_row row_content_width=&#8221;grid&#8221; css=&#8221;.vc_custom_1637331550148{margin-bottom: 100px !important;padding-right: 20px !important;padding-bottom: 50px !important;padding-left: 20px !important;background-color: #ffffff !important;}&#8221;][vc_column][vc_row_inner][vc_column_inner]<div class=\"eltd-section-title-holder eltd-separator-disabled  eltd-st-text-position-left\" style=\"text-align: left\">\n    <div class=\"eltd-section-title-inner\">\n                    <h4 class=\"eltd-st-subtitle\" >\n                <span>A Villa Millennium panzi\u00f3 Balatonalm\u00e1di sz\u00edv\u00e9ben, a Balatont\u00f3l 600 m\u00e9terre egy csendes dombokkal \u00f6lelt zs\u00e1kutc\u00e1ban b\u00fajik meg. Az \u00e9p\u00fclet t\u00f6rt\u00e9nete a millenniumi \u00e9vekre ny\u00falik vissza, az 1910 es \u00e9vekt\u0151l Gizus n\u00e9ni nyaral\u00f3jak\u00e9nt v\u00e1rta a pihenni v\u00e1gy\u00f3kat, majd 1930-t\u00f3l a Jo\u00f3 csal\u00e1d biztos\u00edtott n\u00edv\u00f3s sz\u00e1ll\u00e1shelyet a panzi\u00f3 vend\u00e9geinek. A II. vil\u00e1gh\u00e1bor\u00fat k\u00f6vet\u0151en v\u00e1llalati \u00fcd\u00fcl\u0151k\u00e9nt, panzi\u00f3k\u00e9nt m\u0171k\u00f6d\u00f6tt. A v\u00f6r\u00f6s k\u0151, f\u0171r\u00e9szelt facsipk\u00e9s torn\u00e1cok, vastag falak valamint megannyi apr\u00f3 r\u00e9szlet h\u0171en id\u00e9zi a patin\u00e1s balatoni nyarak hangulat\u00e1t \u00e9s vil\u00e1g\u00e1t. A Villa Millennium 9 pazar szob\u00e1ja \u00e9s bels\u0151 terei \u2013 a Wagner Interior Design Bels\u0151\u00e9p\u00edt\u00e9szeti \u00e9s Lakberendez\u00e9si St\u00fadi\u00f3 \u00e1ltal \u2013 gondos tervez\u00e9s, \u00e1t\u00e9p\u00edt\u00e9s ut\u00e1n nyerte el jelenlegi form\u00e1j\u00e1t. Berendez\u00e9se, vid\u00e1m sz\u00ednei, st\u00edlusa \u00e9s szem\u00e9lyzete garancia az \u00d6n k\u00e9nyelm\u00e9\u00e9rt. Panor\u00e1m\u00e1s teraszunkon \u0151sfeny\u0151k \u00e1rny\u00e9k\u00e1ban \u00e9lvezheti a balatoni borok zamat\u00e1t, k\u00e1v\u00e9k\u00fcl\u00f6nlegess\u00e9geink frissess\u00e9g\u00e9t, m\u00edg akt\u00edv vend\u00e9geink r\u00e9sz\u00e9re sz\u00e1mos sportol\u00e1si lehet\u0151s\u00e9get biztos\u00edtunk.L\u00e1togasson el hozz\u00e1nk, legyen a vend\u00e9g\u00fcnk, \u00e9s a mindenn\u00e9l egy kicsit t\u00f6bbet tesz\u00fcnk pihen\u00e9se, kiszolg\u00e1l\u00e1sa \u00e9rdek\u00e9ben. Rem\u00e9lj\u00fck otthonosan fogja \u00e9rezni Mag\u00e1t \u00e9s hamarosan visszat\u00e9r\u0151 bar\u00e1tk\u00e9nt \u00fcdv\u00f6z\u00f6lhetj\u00fck \u00fajra \u00e9s \u00fajra.<\/span>\n            <\/h4>\n                                    <\/div>\n<\/div>[\/vc_column_inner][\/vc_row_inner][vc_row_inner][vc_column_inner]<div class=\"eltd-section-title-holder eltd-separator-disabled  eltd-st-text-position-left\" style=\"text-align: left\">\n    <div class=\"eltd-section-title-inner\">\n                                    <\/div>\n<\/div>[\/vc_column_inner][vc_column_inner][\/vc_column_inner][\/vc_row_inner]<div class=\"eltd-image-gallery  eltd-ig-grid-type eltd-medium-space     \">\n\t<div class=\"eltd-ig-inner eltd-outer-space eltd-ig-grid eltd-ig-two-columns\">\n\t\t\t\t\t<div class=\"eltd-ig-image eltd-item-space\">\n\t\t\t\t<div class=\"eltd-ig-image-inner\">\n\t\t\t\t\t\t\t\t\t\t\t<img width=\"1920\" height=\"1210\" src=\"https:\/\/villamillennium.hu\/wp-content\/uploads\/2021\/09\/Jo-panzio-02.jpg\" class=\"attachment-full size-full\" alt=\"\" decoding=\"async\" srcset=\"https:\/\/villamillennium.hu\/wp-content\/uploads\/2021\/09\/Jo-panzio-02.jpg 1920w, https:\/\/villamillennium.hu\/wp-content\/uploads\/2021\/09\/Jo-panzio-02-300x189.jpg 300w, https:\/\/villamillennium.hu\/wp-content\/uploads\/2021\/09\/Jo-panzio-02-1024x645.jpg 1024w, https:\/\/villamillennium.hu\/wp-content\/uploads\/2021\/09\/Jo-panzio-02-768x484.jpg 768w, https:\/\/villamillennium.hu\/wp-content\/uploads\/2021\/09\/Jo-panzio-02-1536x968.jpg 1536w\" sizes=\"(max-width: 1920px) 100vw, 1920px\" \/>\t\t\t\t\t\t\t\t\t<\/div>\n\t\t\t<\/div>\n\t\t\t\t\t<div class=\"eltd-ig-image eltd-item-space\">\n\t\t\t\t<div class=\"eltd-ig-image-inner\">\n\t\t\t\t\t\t\t\t\t\t\t<img width=\"1920\" height=\"1210\" src=\"https:\/\/villamillennium.hu\/wp-content\/uploads\/2021\/09\/Jo-panzio-01_1000.jpg\" class=\"attachment-full size-full\" alt=\"\" decoding=\"async\" srcset=\"https:\/\/villamillennium.hu\/wp-content\/uploads\/2021\/09\/Jo-panzio-01_1000.jpg 1920w, https:\/\/villamillennium.hu\/wp-content\/uploads\/2021\/09\/Jo-panzio-01_1000-300x189.jpg 300w, https:\/\/villamillennium.hu\/wp-content\/uploads\/2021\/09\/Jo-panzio-01_1000-1024x645.jpg 1024w, https:\/\/villamillennium.hu\/wp-content\/uploads\/2021\/09\/Jo-panzio-01_1000-768x484.jpg 768w, https:\/\/villamillennium.hu\/wp-content\/uploads\/2021\/09\/Jo-panzio-01_1000-1536x968.jpg 1536w\" sizes=\"(max-width: 1920px) 100vw, 1920px\" \/>\t\t\t\t\t\t\t\t\t<\/div>\n\t\t\t<\/div>\n\t\t\t<\/div>\n<\/div>[\/vc_column][\/vc_row]<\/p>\n<\/div>","protected":false},"excerpt":{"rendered":"<p>[vc_row row_content_width=&#8221;grid&#8221; content_text_aligment=&#8221;center&#8221; css=&#8221;.vc_custom_1638370192762{margin-top: 100px !important;padding-top: 40px !important;padding-bottom: 40px !important;background-color: #ffffff !important;}&#8221;][vc_column][\/vc_column][\/vc_row][vc_row row_content_width=&#8221;grid&#8221; css=&#8221;.vc_custom_1637331550148{margin-bottom: 100px !important;padding-right: 20px !important;padding-bottom: 50px !important;padding-left: 20px !important;background-color: #ffffff !important;}&#8221;][vc_column][vc_row_inner][vc_column_inner][\/vc_column_inner][\/vc_row_inner][vc_row_inner][vc_column_inner][\/vc_column_inner][vc_column_inner][\/vc_column_inner][\/vc_row_inner][\/vc_column][\/vc_row]<\/p>\n","protected":false},"author":7,"featured_media":0,"parent":0,"menu_order":0,"comment_status":"closed","ping_status":"closed","template":"full-width.php","meta":[],"yoast_head":"<!-- This site is optimized with the Yoast SEO plugin v20.1 - https:\/\/yoast.com\/wordpress\/plugins\/seo\/ -->\n<title>T\u00f6rt\u00e9net\u00fcnk - Villa Millenium<\/title>\n<meta name=\"description\" content=\"A Villa Millennium panzi\u00f3 Balatonalm\u00e1di sz\u00edv\u00e9ben, a Balatont\u00f3l 600 m\u00e9terre egy csendes dombokkal \u00f6lelt zs\u00e1kutc\u00e1ban b\u00fajik meg.\" \/>\n<meta name=\"robots\" content=\"index, follow, max-snippet:-1, max-image-preview:large, max-video-preview:-1\" \/>\n<link rel=\"canonical\" href=\"https:\/\/villamillennium.hu\/hu\/tortenetunk\/\" \/>\n<meta property=\"og:locale\" content=\"hu_HU\" \/>\n<meta property=\"og:type\" content=\"article\" \/>\n<meta property=\"og:title\" content=\"T\u00f6rt\u00e9net\u00fcnk - Villa Millenium\" \/>\n<meta property=\"og:description\" content=\"A Villa Millennium panzi\u00f3 Balatonalm\u00e1di sz\u00edv\u00e9ben, a Balatont\u00f3l 600 m\u00e9terre egy csendes dombokkal \u00f6lelt zs\u00e1kutc\u00e1ban b\u00fajik meg.\" \/>\n<meta property=\"og:url\" content=\"https:\/\/villamillennium.hu\/hu\/tortenetunk\/\" \/>\n<meta property=\"og:site_name\" content=\"Villa Millenium\" \/>\n<meta property=\"article:publisher\" content=\"https:\/\/www.facebook.com\/VillaMillennium\" \/>\n<meta property=\"article:modified_time\" content=\"2022-02-21T10:15:15+00:00\" \/>\n<meta name=\"twitter:card\" content=\"summary_large_image\" \/>\n<meta name=\"twitter:label1\" content=\"Becs\u00fclt olvas\u00e1si id\u0151\" \/>\n\t<meta name=\"twitter:data1\" content=\"2 perc\" \/>\n<script type=\"application\/ld+json\" class=\"yoast-schema-graph\">{\"@context\":\"https:\/\/schema.org\",\"@graph\":[{\"@type\":\"WebPage\",\"@id\":\"https:\/\/villamillennium.hu\/hu\/tortenetunk\/\",\"url\":\"https:\/\/villamillennium.hu\/hu\/tortenetunk\/\",\"name\":\"T\u00f6rt\u00e9net\u00fcnk - Villa Millenium\",\"isPartOf\":{\"@id\":\"https:\/\/villamillennium.hu\/hu\/#website\"},\"datePublished\":\"2017-11-03T08:19:03+00:00\",\"dateModified\":\"2022-02-21T10:15:15+00:00\",\"description\":\"A Villa Millennium panzi\u00f3 Balatonalm\u00e1di sz\u00edv\u00e9ben, a Balatont\u00f3l 600 m\u00e9terre egy csendes dombokkal \u00f6lelt zs\u00e1kutc\u00e1ban b\u00fajik meg.\",\"breadcrumb\":{\"@id\":\"https:\/\/villamillennium.hu\/hu\/tortenetunk\/#breadcrumb\"},\"inLanguage\":\"hu\",\"potentialAction\":[{\"@type\":\"ReadAction\",\"target\":[\"https:\/\/villamillennium.hu\/hu\/tortenetunk\/\"]}]},{\"@type\":\"BreadcrumbList\",\"@id\":\"https:\/\/villamillennium.hu\/hu\/tortenetunk\/#breadcrumb\",\"itemListElement\":[{\"@type\":\"ListItem\",\"position\":1,\"name\":\"Kezd\u0151lap\",\"item\":\"https:\/\/villamillennium.hu\/hu\/\"},{\"@type\":\"ListItem\",\"position\":2,\"name\":\"T\u00f6rt\u00e9net\u00fcnk\"}]},{\"@type\":\"WebSite\",\"@id\":\"https:\/\/villamillennium.hu\/hu\/#website\",\"url\":\"https:\/\/villamillennium.hu\/hu\/\",\"name\":\"Villa Millenium\",\"description\":\"Villa Millenium Balatonalm\u00e1di\",\"publisher\":{\"@id\":\"https:\/\/villamillennium.hu\/hu\/#organization\"},\"potentialAction\":[{\"@type\":\"SearchAction\",\"target\":{\"@type\":\"EntryPoint\",\"urlTemplate\":\"https:\/\/villamillennium.hu\/hu\/?s={search_term_string}\"},\"query-input\":\"required name=search_term_string\"}],\"inLanguage\":\"hu\"},{\"@type\":\"Organization\",\"@id\":\"https:\/\/villamillennium.hu\/hu\/#organization\",\"name\":\"Villa Millennium\",\"url\":\"https:\/\/villamillennium.hu\/hu\/\",\"logo\":{\"@type\":\"ImageObject\",\"inLanguage\":\"hu\",\"@id\":\"https:\/\/villamillennium.hu\/hu\/#\/schema\/logo\/image\/\",\"url\":\"https:\/\/villamillennium.hu\/wp-content\/uploads\/2021\/09\/vallam-logo-ras@4x-8-1.png\",\"contentUrl\":\"https:\/\/villamillennium.hu\/wp-content\/uploads\/2021\/09\/vallam-logo-ras@4x-8-1.png\",\"width\":648,\"height\":152,\"caption\":\"Villa Millennium\"},\"image\":{\"@id\":\"https:\/\/villamillennium.hu\/hu\/#\/schema\/logo\/image\/\"},\"sameAs\":[\"https:\/\/www.facebook.com\/VillaMillennium\",\"https:\/\/www.instagram.com\/villamillennium\/\"]}]}<\/script>\n<!-- \/ Yoast SEO plugin. -->","yoast_head_json":{"title":"T\u00f6rt\u00e9net\u00fcnk - Villa Millenium","description":"A Villa Millennium panzi\u00f3 Balatonalm\u00e1di sz\u00edv\u00e9ben, a Balatont\u00f3l 600 m\u00e9terre egy csendes dombokkal \u00f6lelt zs\u00e1kutc\u00e1ban b\u00fajik meg.","robots":{"index":"index","follow":"follow","max-snippet":"max-snippet:-1","max-image-preview":"max-image-preview:large","max-video-preview":"max-video-preview:-1"},"canonical":"https:\/\/villamillennium.hu\/hu\/tortenetunk\/","og_locale":"hu_HU","og_type":"article","og_title":"T\u00f6rt\u00e9net\u00fcnk - Villa Millenium","og_description":"A Villa Millennium panzi\u00f3 Balatonalm\u00e1di sz\u00edv\u00e9ben, a Balatont\u00f3l 600 m\u00e9terre egy csendes dombokkal \u00f6lelt zs\u00e1kutc\u00e1ban b\u00fajik meg.","og_url":"https:\/\/villamillennium.hu\/hu\/tortenetunk\/","og_site_name":"Villa Millenium","article_publisher":"https:\/\/www.facebook.com\/VillaMillennium","article_modified_time":"2022-02-21T10:15:15+00:00","twitter_card":"summary_large_image","twitter_misc":{"Becs\u00fclt olvas\u00e1si id\u0151":"2 perc"},"schema":{"@context":"https:\/\/schema.org","@graph":[{"@type":"WebPage","@id":"https:\/\/villamillennium.hu\/hu\/tortenetunk\/","url":"https:\/\/villamillennium.hu\/hu\/tortenetunk\/","name":"T\u00f6rt\u00e9net\u00fcnk - Villa Millenium","isPartOf":{"@id":"https:\/\/villamillennium.hu\/hu\/#website"},"datePublished":"2017-11-03T08:19:03+00:00","dateModified":"2022-02-21T10:15:15+00:00","description":"A Villa Millennium panzi\u00f3 Balatonalm\u00e1di sz\u00edv\u00e9ben, a Balatont\u00f3l 600 m\u00e9terre egy csendes dombokkal \u00f6lelt zs\u00e1kutc\u00e1ban b\u00fajik meg.","breadcrumb":{"@id":"https:\/\/villamillennium.hu\/hu\/tortenetunk\/#breadcrumb"},"inLanguage":"hu","potentialAction":[{"@type":"ReadAction","target":["https:\/\/villamillennium.hu\/hu\/tortenetunk\/"]}]},{"@type":"BreadcrumbList","@id":"https:\/\/villamillennium.hu\/hu\/tortenetunk\/#breadcrumb","itemListElement":[{"@type":"ListItem","position":1,"name":"Kezd\u0151lap","item":"https:\/\/villamillennium.hu\/hu\/"},{"@type":"ListItem","position":2,"name":"T\u00f6rt\u00e9net\u00fcnk"}]},{"@type":"WebSite","@id":"https:\/\/villamillennium.hu\/hu\/#website","url":"https:\/\/villamillennium.hu\/hu\/","name":"Villa Millenium","description":"Villa Millenium Balatonalm\u00e1di","publisher":{"@id":"https:\/\/villamillennium.hu\/hu\/#organization"},"potentialAction":[{"@type":"SearchAction","target":{"@type":"EntryPoint","urlTemplate":"https:\/\/villamillennium.hu\/hu\/?s={search_term_string}"},"query-input":"required name=search_term_string"}],"inLanguage":"hu"},{"@type":"Organization","@id":"https:\/\/villamillennium.hu\/hu\/#organization","name":"Villa Millennium","url":"https:\/\/villamillennium.hu\/hu\/","logo":{"@type":"ImageObject","inLanguage":"hu","@id":"https:\/\/villamillennium.hu\/hu\/#\/schema\/logo\/image\/","url":"https:\/\/villamillennium.hu\/wp-content\/uploads\/2021\/09\/vallam-logo-ras@4x-8-1.png","contentUrl":"https:\/\/villamillennium.hu\/wp-content\/uploads\/2021\/09\/vallam-logo-ras@4x-8-1.png","width":648,"height":152,"caption":"Villa Millennium"},"image":{"@id":"https:\/\/villamillennium.hu\/hu\/#\/schema\/logo\/image\/"},"sameAs":["https:\/\/www.facebook.com\/VillaMillennium","https:\/\/www.instagram.com\/villamillennium\/"]}]}},"_links":{"self":[{"href":"https:\/\/villamillennium.hu\/hu\/wp-json\/wp\/v2\/pages\/9"}],"collection":[{"href":"https:\/\/villamillennium.hu\/hu\/wp-json\/wp\/v2\/pages"}],"about":[{"href":"https:\/\/villamillennium.hu\/hu\/wp-json\/wp\/v2\/types\/page"}],"author":[{"embeddable":true,"href":"https:\/\/villamillennium.hu\/hu\/wp-json\/wp\/v2\/users\/7"}],"replies":[{"embeddable":true,"href":"https:\/\/villamillennium.hu\/hu\/wp-json\/wp\/v2\/comments?post=9"}],"version-history":[{"count":2,"href":"https:\/\/villamillennium.hu\/hu\/wp-json\/wp\/v2\/pages\/9\/revisions"}],"predecessor-version":[{"id":6632,"href":"https:\/\/villamillennium.hu\/hu\/wp-json\/wp\/v2\/pages\/9\/revisions\/6632"}],"wp:attachment":[{"href":"https:\/\/villamillennium.hu\/hu\/wp-json\/wp\/v2\/media?parent=9"}],"curies":[{"name":"wp","href":"https:\/\/api.w.org\/{rel}","templated":true}]}}