{"id":6684,"date":"2022-04-05T01:53:05","date_gmt":"2022-04-04T23:53:05","guid":{"rendered":"https:\/\/villamillennium.hu\/foglalas-copy\/"},"modified":"2022-04-05T02:22:47","modified_gmt":"2022-04-05T00:22:47","slug":"foglalas","status":"publish","type":"page","link":"https:\/\/villamillennium.hu\/hu\/foglalas\/","title":{"rendered":"Foglal\u00e1s"},"content":{"rendered":"<div class=\"wpb-content-wrapper\"><p>[vc_row row_content_width=&#8221;grid&#8221; content_text_aligment=&#8221;center&#8221; css=&#8221;.vc_custom_1637327417138{margin-top: 0px !important;padding-top: 0px !important;padding-bottom: 0px !important;}&#8221;][vc_column css=&#8221;.vc_custom_1634569470991{margin-top: 0px !important;padding-top: 0px !important;background-image: url(https:\/\/villamillennium.hu\/wp-content\/uploads\/2021\/09\/Villa-MillenniumDGy_181_-1.jpg?id=5135) !important;background-position: center !important;background-repeat: no-repeat !important;background-size: cover !important;}&#8221;]<div class=\"eltd-elements-holder   eltd-one-column  eltd-responsive-mode-768 \" ><div class=\"eltd-eh-item    \"  data-item-class=\"eltd-eh-custom-4939\" data-1024-1280=\"15% 0 15% 0\" data-768-1024=\"15% 0 15% 0\" data-680-768=\"20% 0 20% 0\" data-680=\"20% 0 20% 0\">\n\t<div class=\"eltd-eh-item-inner\">\n\t\t<div class=\"eltd-eh-item-content eltd-eh-custom-4939\" style=\"padding: 15% 0 15% 0\">\n\t\t\t\t\t<\/div>\n\t<\/div>\n<\/div><\/div>[\/vc_column][\/vc_row][vc_row row_content_width=&#8221;grid&#8221; content_text_aligment=&#8221;center&#8221; css=&#8221;.vc_custom_1637327448585{padding-top: 40px !important;padding-right: 4% !important;padding-bottom: 40px !important;padding-left: 4% !important;}&#8221;][vc_column]<div class=\"eltd-section-title-holder eltd-separator-disabled  eltd-st-text-position-center\" style=\"text-align: center\">\n    <div class=\"eltd-section-title-inner\">\n                            <h1 class=\"eltd-st-title eltd-title-center\" >\n                <span class=\"eltd-st-before\"><\/span>\n                <span>Foglal\u00e1s<\/span>\n            <\/h1>\n                            <\/div>\n<\/div>[\/vc_column][\/vc_row][vc_row row_content_width=&#8221;grid&#8221; css=&#8221;.vc_custom_1649117695397{margin-right: 0px !important;margin-bottom: 64px !important;margin-left: 0px !important;padding-right: 0px !important;padding-left: 0px !important;}&#8221;][vc_column css=&#8221;.vc_custom_1649117688002{margin-right: 0px !important;margin-left: 0px !important;padding-right: 0px !important;padding-left: 0px !important;}&#8221;][vc_raw_js]JTNDc2NyaXB0JTNFJTBBdmFyJTIwaG90ZWwlMjAlM0QlMjAlMjd2aWxsYW1pbGxlbml1bSUyNyUzQiUyMCUwQXZhciUyMGlmcmFtZV9rZXklMjAlM0QlMjA5MjklM0IlMEF2YXIlMjBsYW5nJTIwJTNEJTIwJTI3aHUlMjclM0IlMEF2YXIlMjBjdXJyZW5jeSUyMCUzRCUyMCUyN0hVRiUyNyUzQiUyMCUwQXZhciUyMHN0aWNreV9oZWFkZXIlMjAlM0QlMjAlMjclMjclM0IlMEF2YXIlMjBiYWRnZV9hbGlnbiUyMCUzRCUyMCUyN2xlZnQlMjclM0IlMEF3aW5kb3cub25pZnJhbWVpbml0aWFsaXplJTIwJTNEJTIwZnVuY3Rpb24lMjglMjklN0IlN0QlMEElM0MlMkZzY3JpcHQlM0UlMEElM0NzY3JpcHQlMjBzcmMlM0QlMjJodHRwcyUzQSUyRiUyRm5ldGhvdGVsYm9va2luZy5uZXQlMkZlbWJlZC5qcyUyMiUzRSUzQyUyRnNjcmlwdCUzRSUyMA==[\/vc_raw_js][\/vc_column][\/vc_row]<\/p>\n<\/div>","protected":false},"excerpt":{"rendered":"<p>[vc_row row_content_width=&#8221;grid&#8221; content_text_aligment=&#8221;center&#8221; css=&#8221;.vc_custom_1637327417138{margin-top: 0px !important;padding-top: 0px !important;padding-bottom: 0px !important;}&#8221;][vc_column css=&#8221;.vc_custom_1634569470991{margin-top: 0px !important;padding-top: 0px !important;background-image: url(https:\/\/villamillennium.hu\/wp-content\/uploads\/2021\/09\/Villa-MillenniumDGy_181_-1.jpg?id=5135) !important;background-position: center !important;background-repeat: no-repeat !important;background-size: cover !important;}&#8221;][\/vc_column][\/vc_row][vc_row row_content_width=&#8221;grid&#8221; content_text_aligment=&#8221;center&#8221; css=&#8221;.vc_custom_1637327448585{padding-top: 40px !important;padding-right: 4% !important;padding-bottom: 40px !important;padding-left: 4% !important;}&#8221;][vc_column][\/vc_column][\/vc_row][vc_row row_content_width=&#8221;grid&#8221; css=&#8221;.vc_custom_1649117695397{margin-right: 0px !important;margin-bottom: 64px !important;margin-left: 0px !important;padding-right: 0px !important;padding-left: 0px !important;}&#8221;][vc_column css=&#8221;.vc_custom_1649117688002{margin-right: 0px !important;margin-left: 0px !important;padding-right: 0px !important;padding-left: 0px !important;}&#8221;][vc_raw_js]JTNDc2NyaXB0JTNFJTBBdmFyJTIwaG90ZWwlMjAlM0QlMjAlMjd2aWxsYW1pbGxlbml1bSUyNyUzQiUyMCUwQXZhciUyMGlmcmFtZV9rZXklMjAlM0QlMjA5MjklM0IlMEF2YXIlMjBsYW5nJTIwJTNEJTIwJTI3aHUlMjclM0IlMEF2YXIlMjBjdXJyZW5jeSUyMCUzRCUyMCUyN0hVRiUyNyUzQiUyMCUwQXZhciUyMHN0aWNreV9oZWFkZXIlMjAlM0QlMjAlMjclMjclM0IlMEF2YXIlMjBiYWRnZV9hbGlnbiUyMCUzRCUyMCUyN2xlZnQlMjclM0IlMEF3aW5kb3cub25pZnJhbWVpbml0aWFsaXplJTIwJTNEJTIwZnVuY3Rpb24lMjglMjklN0IlN0QlMEElM0MlMkZzY3JpcHQlM0UlMEElM0NzY3JpcHQlMjBzcmMlM0QlMjJodHRwcyUzQSUyRiUyRm5ldGhvdGVsYm9va2luZy5uZXQlMkZlbWJlZC5qcyUyMiUzRSUzQyUyRnNjcmlwdCUzRSUyMA==[\/vc_raw_js][\/vc_column][\/vc_row]<\/p>\n","protected":false},"author":7,"featured_media":0,"parent":0,"menu_order":0,"comment_status":"closed","ping_status":"closed","template":"full-width.php","meta":[],"yoast_head":"<!-- This site is optimized with the Yoast SEO plugin v20.1 - https:\/\/yoast.com\/wordpress\/plugins\/seo\/ -->\n<title>Foglal\u00e1s - Villa Millenium<\/title>\n<meta name=\"description\" content=\"Foglaljon online, gyorsan \u00e9s k\u00e9nyelmesen. Legyen vend\u00e9g\u00fcnk Balatonalm\u00e1din a Villa Millenium-ban.\" \/>\n<meta name=\"robots\" content=\"noindex, follow\" \/>\n<meta property=\"og:locale\" content=\"hu_HU\" \/>\n<meta property=\"og:type\" content=\"article\" \/>\n<meta property=\"og:title\" content=\"Foglal\u00e1s - Villa Millenium\" \/>\n<meta property=\"og:description\" content=\"Foglaljon online, gyorsan \u00e9s k\u00e9nyelmesen. Legyen vend\u00e9g\u00fcnk Balatonalm\u00e1din a Villa Millenium-ban.\" \/>\n<meta property=\"og:url\" content=\"https:\/\/villamillennium.hu\/hu\/foglalas\/\" \/>\n<meta property=\"og:site_name\" content=\"Villa Millenium\" \/>\n<meta property=\"article:publisher\" content=\"https:\/\/www.facebook.com\/VillaMillennium\" \/>\n<meta property=\"article:modified_time\" content=\"2022-04-05T00:22:47+00:00\" \/>\n<meta name=\"twitter:card\" content=\"summary_large_image\" \/>\n<meta name=\"twitter:label1\" content=\"Becs\u00fclt olvas\u00e1si id\u0151\" \/>\n\t<meta name=\"twitter:data1\" content=\"1 perc\" \/>\n<script type=\"application\/ld+json\" class=\"yoast-schema-graph\">{\"@context\":\"https:\/\/schema.org\",\"@graph\":[{\"@type\":\"WebPage\",\"@id\":\"https:\/\/villamillennium.hu\/hu\/foglalas\/\",\"url\":\"https:\/\/villamillennium.hu\/hu\/foglalas\/\",\"name\":\"Foglal\u00e1s - Villa Millenium\",\"isPartOf\":{\"@id\":\"https:\/\/villamillennium.hu\/hu\/#website\"},\"datePublished\":\"2022-04-04T23:53:05+00:00\",\"dateModified\":\"2022-04-05T00:22:47+00:00\",\"description\":\"Foglaljon online, gyorsan \u00e9s k\u00e9nyelmesen. Legyen vend\u00e9g\u00fcnk Balatonalm\u00e1din a Villa Millenium-ban.\",\"breadcrumb\":{\"@id\":\"https:\/\/villamillennium.hu\/hu\/foglalas\/#breadcrumb\"},\"inLanguage\":\"hu\",\"potentialAction\":[{\"@type\":\"ReadAction\",\"target\":[\"https:\/\/villamillennium.hu\/hu\/foglalas\/\"]}]},{\"@type\":\"BreadcrumbList\",\"@id\":\"https:\/\/villamillennium.hu\/hu\/foglalas\/#breadcrumb\",\"itemListElement\":[{\"@type\":\"ListItem\",\"position\":1,\"name\":\"Kezd\u0151lap\",\"item\":\"https:\/\/villamillennium.hu\/hu\/\"},{\"@type\":\"ListItem\",\"position\":2,\"name\":\"Foglal\u00e1s\"}]},{\"@type\":\"WebSite\",\"@id\":\"https:\/\/villamillennium.hu\/hu\/#website\",\"url\":\"https:\/\/villamillennium.hu\/hu\/\",\"name\":\"Villa Millenium\",\"description\":\"Villa Millenium Balatonalm\u00e1di\",\"publisher\":{\"@id\":\"https:\/\/villamillennium.hu\/hu\/#organization\"},\"potentialAction\":[{\"@type\":\"SearchAction\",\"target\":{\"@type\":\"EntryPoint\",\"urlTemplate\":\"https:\/\/villamillennium.hu\/hu\/?s={search_term_string}\"},\"query-input\":\"required name=search_term_string\"}],\"inLanguage\":\"hu\"},{\"@type\":\"Organization\",\"@id\":\"https:\/\/villamillennium.hu\/hu\/#organization\",\"name\":\"Villa Millennium\",\"url\":\"https:\/\/villamillennium.hu\/hu\/\",\"logo\":{\"@type\":\"ImageObject\",\"inLanguage\":\"hu\",\"@id\":\"https:\/\/villamillennium.hu\/hu\/#\/schema\/logo\/image\/\",\"url\":\"https:\/\/villamillennium.hu\/wp-content\/uploads\/2021\/09\/vallam-logo-ras@4x-8-1.png\",\"contentUrl\":\"https:\/\/villamillennium.hu\/wp-content\/uploads\/2021\/09\/vallam-logo-ras@4x-8-1.png\",\"width\":648,\"height\":152,\"caption\":\"Villa Millennium\"},\"image\":{\"@id\":\"https:\/\/villamillennium.hu\/hu\/#\/schema\/logo\/image\/\"},\"sameAs\":[\"https:\/\/www.facebook.com\/VillaMillennium\",\"https:\/\/www.instagram.com\/villamillennium\/\"]}]}<\/script>\n<!-- \/ Yoast SEO plugin. -->","yoast_head_json":{"title":"Foglal\u00e1s - Villa Millenium","description":"Foglaljon online, gyorsan \u00e9s k\u00e9nyelmesen. Legyen vend\u00e9g\u00fcnk Balatonalm\u00e1din a Villa Millenium-ban.","robots":{"index":"noindex","follow":"follow"},"og_locale":"hu_HU","og_type":"article","og_title":"Foglal\u00e1s - Villa Millenium","og_description":"Foglaljon online, gyorsan \u00e9s k\u00e9nyelmesen. Legyen vend\u00e9g\u00fcnk Balatonalm\u00e1din a Villa Millenium-ban.","og_url":"https:\/\/villamillennium.hu\/hu\/foglalas\/","og_site_name":"Villa Millenium","article_publisher":"https:\/\/www.facebook.com\/VillaMillennium","article_modified_time":"2022-04-05T00:22:47+00:00","twitter_card":"summary_large_image","twitter_misc":{"Becs\u00fclt olvas\u00e1si id\u0151":"1 perc"},"schema":{"@context":"https:\/\/schema.org","@graph":[{"@type":"WebPage","@id":"https:\/\/villamillennium.hu\/hu\/foglalas\/","url":"https:\/\/villamillennium.hu\/hu\/foglalas\/","name":"Foglal\u00e1s - Villa Millenium","isPartOf":{"@id":"https:\/\/villamillennium.hu\/hu\/#website"},"datePublished":"2022-04-04T23:53:05+00:00","dateModified":"2022-04-05T00:22:47+00:00","description":"Foglaljon online, gyorsan \u00e9s k\u00e9nyelmesen. Legyen vend\u00e9g\u00fcnk Balatonalm\u00e1din a Villa Millenium-ban.","breadcrumb":{"@id":"https:\/\/villamillennium.hu\/hu\/foglalas\/#breadcrumb"},"inLanguage":"hu","potentialAction":[{"@type":"ReadAction","target":["https:\/\/villamillennium.hu\/hu\/foglalas\/"]}]},{"@type":"BreadcrumbList","@id":"https:\/\/villamillennium.hu\/hu\/foglalas\/#breadcrumb","itemListElement":[{"@type":"ListItem","position":1,"name":"Kezd\u0151lap","item":"https:\/\/villamillennium.hu\/hu\/"},{"@type":"ListItem","position":2,"name":"Foglal\u00e1s"}]},{"@type":"WebSite","@id":"https:\/\/villamillennium.hu\/hu\/#website","url":"https:\/\/villamillennium.hu\/hu\/","name":"Villa Millenium","description":"Villa Millenium Balatonalm\u00e1di","publisher":{"@id":"https:\/\/villamillennium.hu\/hu\/#organization"},"potentialAction":[{"@type":"SearchAction","target":{"@type":"EntryPoint","urlTemplate":"https:\/\/villamillennium.hu\/hu\/?s={search_term_string}"},"query-input":"required name=search_term_string"}],"inLanguage":"hu"},{"@type":"Organization","@id":"https:\/\/villamillennium.hu\/hu\/#organization","name":"Villa Millennium","url":"https:\/\/villamillennium.hu\/hu\/","logo":{"@type":"ImageObject","inLanguage":"hu","@id":"https:\/\/villamillennium.hu\/hu\/#\/schema\/logo\/image\/","url":"https:\/\/villamillennium.hu\/wp-content\/uploads\/2021\/09\/vallam-logo-ras@4x-8-1.png","contentUrl":"https:\/\/villamillennium.hu\/wp-content\/uploads\/2021\/09\/vallam-logo-ras@4x-8-1.png","width":648,"height":152,"caption":"Villa Millennium"},"image":{"@id":"https:\/\/villamillennium.hu\/hu\/#\/schema\/logo\/image\/"},"sameAs":["https:\/\/www.facebook.com\/VillaMillennium","https:\/\/www.instagram.com\/villamillennium\/"]}]}},"_links":{"self":[{"href":"https:\/\/villamillennium.hu\/hu\/wp-json\/wp\/v2\/pages\/6684"}],"collection":[{"href":"https:\/\/villamillennium.hu\/hu\/wp-json\/wp\/v2\/pages"}],"about":[{"href":"https:\/\/villamillennium.hu\/hu\/wp-json\/wp\/v2\/types\/page"}],"author":[{"embeddable":true,"href":"https:\/\/villamillennium.hu\/hu\/wp-json\/wp\/v2\/users\/7"}],"replies":[{"embeddable":true,"href":"https:\/\/villamillennium.hu\/hu\/wp-json\/wp\/v2\/comments?post=6684"}],"version-history":[{"count":6,"href":"https:\/\/villamillennium.hu\/hu\/wp-json\/wp\/v2\/pages\/6684\/revisions"}],"predecessor-version":[{"id":6697,"href":"https:\/\/villamillennium.hu\/hu\/wp-json\/wp\/v2\/pages\/6684\/revisions\/6697"}],"wp:attachment":[{"href":"https:\/\/villamillennium.hu\/hu\/wp-json\/wp\/v2\/media?parent=6684"}],"curies":[{"name":"wp","href":"https:\/\/api.w.org\/{rel}","templated":true}]}}