{"id":5303,"date":"2021-09-16T14:32:37","date_gmt":"2021-09-16T12:32:37","guid":{"rendered":"https:\/\/villamillennium.hu\/?page_id=5303"},"modified":"2022-04-05T02:00:35","modified_gmt":"2022-04-05T00:00:35","slug":"ajanlatkeres","status":"publish","type":"page","link":"https:\/\/villamillennium.hu\/hu\/ajanlatkeres\/","title":{"rendered":"Aj\u00e1nlatk\u00e9r\u00e9s"},"content":{"rendered":"<div class=\"wpb-content-wrapper\"><p>[vc_row row_content_width=&#8221;grid&#8221; content_text_aligment=&#8221;center&#8221; css=&#8221;.vc_custom_1637327417138{margin-top: 0px !important;padding-top: 0px !important;padding-bottom: 0px !important;}&#8221;][vc_column css=&#8221;.vc_custom_1634569470991{margin-top: 0px !important;padding-top: 0px !important;background-image: url(https:\/\/villamillennium.hu\/wp-content\/uploads\/2021\/09\/Villa-MillenniumDGy_181_-1.jpg?id=5135) !important;background-position: center !important;background-repeat: no-repeat !important;background-size: cover !important;}&#8221;]<div class=\"eltd-elements-holder   eltd-one-column  eltd-responsive-mode-768 \" ><div class=\"eltd-eh-item    \"  data-item-class=\"eltd-eh-custom-3195\" data-1024-1280=\"15% 0 15% 0\" data-768-1024=\"15% 0 15% 0\" data-680-768=\"20% 0 20% 0\" data-680=\"20% 0 20% 0\">\n\t<div class=\"eltd-eh-item-inner\">\n\t\t<div class=\"eltd-eh-item-content eltd-eh-custom-3195\" style=\"padding: 15% 0 15% 0\">\n\t\t\t\t\t<\/div>\n\t<\/div>\n<\/div><\/div>[\/vc_column][\/vc_row][vc_row row_content_width=&#8221;grid&#8221; content_text_aligment=&#8221;center&#8221; css=&#8221;.vc_custom_1637327448585{padding-top: 40px !important;padding-right: 4% !important;padding-bottom: 40px !important;padding-left: 4% !important;}&#8221;][vc_column]<div class=\"eltd-section-title-holder eltd-separator-disabled  eltd-st-text-position-center\" style=\"text-align: center\">\n    <div class=\"eltd-section-title-inner\">\n                            <h1 class=\"eltd-st-title eltd-title-center\" >\n                <span class=\"eltd-st-before\"><\/span>\n                <span>Aj\u00e1nlatk\u00e9r\u00e9s<\/span>\n            <\/h1>\n                            <\/div>\n<\/div>[\/vc_column][\/vc_row][vc_row row_content_width=&#8221;grid&#8221; css=&#8221;.vc_custom_1634568049035{margin-bottom: 100px !important;padding-right: 4% !important;padding-left: 4% !important;background-color: #ffffff !important;}&#8221;][vc_column css=&#8221;.vc_custom_1632123610585{padding-bottom: 60px !important;}&#8221;]\n<div class=\"wpcf7 no-js\" id=\"wpcf7-f5597-o1\" lang=\"hu-HU\" dir=\"ltr\">\n<div class=\"screen-reader-response\"><p role=\"status\" aria-live=\"polite\" aria-atomic=\"true\"><\/p> <ul><\/ul><\/div>\n<form action=\"\/hu\/wp-json\/wp\/v2\/pages\/5303#wpcf7-f5597-o1\" method=\"post\" class=\"wpcf7-form init cf7_custom_style_1\" aria-label=\"Kapcsolatfelv\u00e9teli \u0171rlap\" novalidate=\"novalidate\" data-status=\"init\">\n<div style=\"display: none;\">\n<input type=\"hidden\" name=\"_wpcf7\" value=\"5597\" \/>\n<input type=\"hidden\" name=\"_wpcf7_version\" value=\"5.7.4\" \/>\n<input type=\"hidden\" name=\"_wpcf7_locale\" value=\"hu_HU\" \/>\n<input type=\"hidden\" name=\"_wpcf7_unit_tag\" value=\"wpcf7-f5597-o1\" \/>\n<input type=\"hidden\" name=\"_wpcf7_container_post\" value=\"0\" \/>\n<input type=\"hidden\" name=\"_wpcf7_posted_data_hash\" value=\"\" \/>\n<\/div>\n<div class=\"elem-group inlined3\">\n\t<p><label for=\"name\">N\u00e9v (k\u00f6telez\u0151)<\/label><br \/>\n<span class=\"wpcf7-form-control-wrap your-name\"><input id=\"name\" placeholder=\"Teljes n\u00e9v\" aria-invalid=\"false\" aria-required=\"true\" class=\"wpcf7-form-control wpcf7-text wpcf7-validates-as-required\" size=\"40\" value=\"\" name=\"your-name\" type=\"text*\" akismet:author \/><\/span>\n\t<\/p>\n<\/div>\n<div class=\"elem-group inlined3\">\n\t<p><label for=\"email\">E-mail (k\u00f6telez\u0151)<\/label><br \/>\n<span class=\"wpcf7-form-control-wrap your-email\"><input  id=\"email\" placeholder=\"teljesnev@email.com\" aria-invalid=\"false\" aria-required=\"true\" class=\"wpcf7-form-control wpcf7-text wpcf7-email wpcf7-validates-as-required wpcf7-validates-as-email\" size=\"40\" value=\"\" name=\"your-email\" type=\"email*\" akismet:author_email \/><\/span>\n\t<\/p>\n<\/div>\n<div class=\"elem-group inlined3\">\n\t<p><label for=\"phone\">Telefon (k\u00f6telez\u0151)<\/label><br \/>\n<span class=\"wpcf7-form-control-wrap your-tel\"><input id=\"phone\" placeholder=\"30\/1234567\" aria-invalid=\"false\" aria-required=\"true\" class=\"wpcf7-form-control wpcf7-tel wpcf7-validates-as-required\" size=\"40\" value=\"\" name=\"your-tel\" type=\"tel*\" \/><\/span>\n\t<\/p>\n<\/div>\n<hr \/>\n<div class=\"elem-group inlined date\">\n\t<p><label for=\"checkin-date\">\u00c9rkez\u00e9s d\u00e1tuma (k\u00f6telez\u0151)<\/label><br \/>\n<span class=\"wpcf7-form-control-wrap checkin-date\"><input id=\"checkin-date\" aria-invalid=\"false\" aria-required=\"true\" class=\"wpcf7-form-control wpcf7-date wpcf7-validates-as-required\" size=\"40\" value=\"\" name=\"checkin\" type=\"date\" \/><\/span>\n\t<\/p>\n<\/div>\n<div class=\"elem-group inlined date\">\n\t<p><label for=\"checkout-date\">T\u00e1voz\u00e1s d\u00e1tuma (k\u00f6telez\u0151)<\/label><br \/>\n<span class=\"wpcf7-form-control-wrap checkout-date\"><input id=\"checkout-date\" aria-invalid=\"false\" aria-required=\"true\" class=\"wpcf7-form-control wpcf7-date wpcf7-validates-as-required\" size=\"40\" value=\"\" name=\"checkout\" type=\"date\" \/><\/span>\n\t<\/p>\n<\/div>\n<div class=\"elem-group felnottek\">\n\t<p><label for=\"adult\">Feln\u0151ttek sz\u00e1ma (k\u00f6telez\u0151)<\/label><br \/>\n<span class=\"wpcf7-form-control-wrap total_adults\"><input id=\"adult\" placeholder=\"2\" min=\"1\" aria-invalid=\"false\" aria-required=\"true\" class=\"wpcf7-form-control wpcf7-number wpcf7-validates-as-required\" size=\"40\" value=\"\" name=\"total_adults\" type=\"number\" \/><\/span>\n\t<\/p>\n<\/div>\n<div class=\"elem-group inlined3\">\n\t<p><label for=\"child\">Gyermekek sz\u00e1ma (0-3 \u00e9ves)<\/label><br \/>\n<span class=\"wpcf7-form-control-wrap total_children\"><input id=\"child\" placeholder=\"0\" min=\"0\" aria-invalid=\"false\" aria-required=\"true\" class=\"wpcf7-form-control wpcf7-number wpcf7-validates-as-required\" size=\"40\" value=\"\" name=\"total_children\" type=\"number\" \/><\/span>\n\t<\/p>\n<\/div>\n<div class=\"elem-group inlined3\">\n\t<p><label for=\"child\">Gyermekek sz\u00e1ma (3-12 \u00e9ves)<\/label><br \/>\n<span class=\"wpcf7-form-control-wrap total_children2\"><input id=\"child2\" placeholder=\"0\" min=\"0\" aria-invalid=\"false\" aria-required=\"true\" class=\"wpcf7-form-control wpcf7-number wpcf7-validates-as-required\" size=\"40\" value=\"\" name=\"total_children2\" type=\"number\" \/><\/span>\n\t<\/p>\n<\/div>\n<div class=\"elem-group inlined3\">\n\t<p><label for=\"child\">Gyermekek sz\u00e1ma (12 \u00e9ves kor felett)<\/label><br \/>\n<span class=\"wpcf7-form-control-wrap total_children3\"><input id=\"child3\" placeholder=\"0\" min=\"0\" aria-invalid=\"false\" aria-required=\"true\" class=\"wpcf7-form-control wpcf7-number wpcf7-validates-as-required\" size=\"40\" value=\"\" name=\"total_children3\" type=\"number\" \/><\/span>\n\t<\/p>\n<\/div>\n<div class=\"elem-group select\">\n\t<p><label for=\"room-selection\">Szoba<\/label><br \/>\n<span class=\"wpcf7-form-control-wrap room-selection\"><select id=\"room-selection\" aria-invalid=\"false\" aria-required=\"true\" class=\"wpcf7-form-control wpcf7-select wpcf7-validates-as-required\" name=\"room_preference\">\n <option value=\"\">V\u00e1lasszon egy szob\u00e1t a list\u00e1b\u00f3l.<\/option>\n <option value=\"deluxe-connecting\">Deluxe Connecting szoba<\/option>\n <option value=\"deluxe-csaladi\">Deluxe Csal\u00e1di szoba<\/option>\n <option value=\"deluxe-emeleti-erkelyes-panoramas\">Deluxe emeleti, erk\u00e9lyes, panor\u00e1m\u00e1s k\u00e9t\u00e1gyas szoba<\/option>\n <option value=\"deluxe-emeleti-franciaerkelyes\">Deluxe emeleti, franciaerk\u00e9lyes k\u00e9t\u00e1gyas szoba<\/option>\n <option value=\"deluxe-foldszinti\">Deluxe f\u00f6ldszinti, erk\u00e9lyes-teraszos k\u00e9t\u00e1gyas szoba<\/option>\n <option value=\"superior-emeleti\">Superior emeleti, h\u00e1ts\u00f3 kertre n\u00e9z\u0151 k\u00e9t\u00e1gyas szoba<\/option>\n<\/select><br \/>\n<\/span>\n\t<\/p>\n<\/div>\n<div class=\"elem-group message\">\n\t<p><label for=\"message\">\u00dczenet<\/label><br \/>\n<span class=\"wpcf7-form-control-wrap message\"><textarea placeholder=\"\u00cdrja meg amennyiben tov\u00e1bbi fontos inform\u00e1ci\u00f3ja is van.\" aria-invalid=\"false\" aria-required=\"true\" class=\"wpcf7-form-control wpcf7-textarea wpcf7-validates-as-required\" rows=\"10\" cols=\"40\" name=\"message\" id=\"message\"><\/textarea><\/span>\n\t<\/p>\n<\/div>\n<div class=\"acceptance\">\n\t<p><span class=\"wpcf7-form-control-wrap\" data-name=\"altalanos\"><span class=\"wpcf7-form-control wpcf7-acceptance\"><span class=\"wpcf7-list-item\"><label><input type=\"checkbox\" name=\"altalanos\" value=\"1\" aria-invalid=\"false\" \/><span class=\"wpcf7-list-item-label\">Az <a class=\"link\" href=\"https:\/\/villamillennium.hu\/wp-content\/uploads\/2021\/10\/villamillennium-adatkezelesi-tajekoztato-20211026.pdf\" target=\"_blank\">adatkezel\u00e9si t\u00e1j\u00e9koztat\u00f3<\/a> felt\u00e9teleit elfogadom.*<\/span><\/label><\/span><\/span><\/span>\n\t<\/p>\n<\/div>\n<p><button type=\"submit\">AJ\u00c1NLATK\u00c9R\u00c9S<\/button>\n<\/p><p style=\"display: none !important;\"><label>&#916;<textarea name=\"_wpcf7_ak_hp_textarea\" cols=\"45\" rows=\"8\" maxlength=\"100\"><\/textarea><\/label><input type=\"hidden\" id=\"ak_js_1\" name=\"_wpcf7_ak_js\" value=\"49\"\/><script>document.getElementById( \"ak_js_1\" ).setAttribute( \"value\", ( new Date() ).getTime() );<\/script><\/p><div class=\"wpcf7-response-output\" aria-hidden=\"true\"><\/div>\n<\/form>\n<\/div>\n[\/vc_column][\/vc_row]<\/p>\n<\/div>","protected":false},"excerpt":{"rendered":"<p>[vc_row row_content_width=&#8221;grid&#8221; content_text_aligment=&#8221;center&#8221; css=&#8221;.vc_custom_1637327417138{margin-top: 0px !important;padding-top: 0px !important;padding-bottom: 0px !important;}&#8221;][vc_column css=&#8221;.vc_custom_1634569470991{margin-top: 0px !important;padding-top: 0px !important;background-image: url(https:\/\/villamillennium.hu\/wp-content\/uploads\/2021\/09\/Villa-MillenniumDGy_181_-1.jpg?id=5135) !important;background-position: center !important;background-repeat: no-repeat !important;background-size: cover !important;}&#8221;][\/vc_column][\/vc_row][vc_row row_content_width=&#8221;grid&#8221; content_text_aligment=&#8221;center&#8221; css=&#8221;.vc_custom_1637327448585{padding-top: 40px !important;padding-right: 4% !important;padding-bottom: 40px !important;padding-left: 4% !important;}&#8221;][vc_column][\/vc_column][\/vc_row][vc_row row_content_width=&#8221;grid&#8221; css=&#8221;.vc_custom_1634568049035{margin-bottom: 100px !important;padding-right: 4% !important;padding-left: 4% !important;background-color: #ffffff !important;}&#8221;][vc_column css=&#8221;.vc_custom_1632123610585{padding-bottom: 60px !important;}&#8221;][\/vc_column][\/vc_row]<\/p>\n","protected":false},"author":7,"featured_media":0,"parent":0,"menu_order":0,"comment_status":"closed","ping_status":"closed","template":"full-width.php","meta":[],"yoast_head":"<!-- This site is optimized with the Yoast SEO plugin v20.1 - https:\/\/yoast.com\/wordpress\/plugins\/seo\/ -->\n<title>Aj\u00e1nlatk\u00e9r\u00e9s - Villa Millenium<\/title>\n<meta name=\"description\" content=\"Foglaljon online, gyorsan \u00e9s k\u00e9nyelmesen. Legyen vend\u00e9g\u00fcnk Balatonalm\u00e1din a Villa Millenium-ban.\" \/>\n<meta name=\"robots\" content=\"index, follow, max-snippet:-1, max-image-preview:large, max-video-preview:-1\" \/>\n<link rel=\"canonical\" href=\"https:\/\/villamillennium.hu\/hu\/ajanlatkeres\/\" \/>\n<meta property=\"og:locale\" content=\"hu_HU\" \/>\n<meta property=\"og:type\" content=\"article\" \/>\n<meta property=\"og:title\" content=\"Aj\u00e1nlatk\u00e9r\u00e9s - Villa Millenium\" \/>\n<meta property=\"og:description\" content=\"Foglaljon online, gyorsan \u00e9s k\u00e9nyelmesen. Legyen vend\u00e9g\u00fcnk Balatonalm\u00e1din a Villa Millenium-ban.\" \/>\n<meta property=\"og:url\" content=\"https:\/\/villamillennium.hu\/hu\/ajanlatkeres\/\" \/>\n<meta property=\"og:site_name\" content=\"Villa Millenium\" \/>\n<meta property=\"article:publisher\" content=\"https:\/\/www.facebook.com\/VillaMillennium\" \/>\n<meta property=\"article:modified_time\" content=\"2022-04-05T00:00:35+00:00\" \/>\n<meta name=\"twitter:card\" content=\"summary_large_image\" \/>\n<meta name=\"twitter:label1\" content=\"Becs\u00fclt olvas\u00e1si id\u0151\" \/>\n\t<meta name=\"twitter:data1\" content=\"1 perc\" \/>\n<script type=\"application\/ld+json\" class=\"yoast-schema-graph\">{\"@context\":\"https:\/\/schema.org\",\"@graph\":[{\"@type\":\"WebPage\",\"@id\":\"https:\/\/villamillennium.hu\/hu\/ajanlatkeres\/\",\"url\":\"https:\/\/villamillennium.hu\/hu\/ajanlatkeres\/\",\"name\":\"Aj\u00e1nlatk\u00e9r\u00e9s - Villa Millenium\",\"isPartOf\":{\"@id\":\"https:\/\/villamillennium.hu\/hu\/#website\"},\"datePublished\":\"2021-09-16T12:32:37+00:00\",\"dateModified\":\"2022-04-05T00:00:35+00:00\",\"description\":\"Foglaljon online, gyorsan \u00e9s k\u00e9nyelmesen. Legyen vend\u00e9g\u00fcnk Balatonalm\u00e1din a Villa Millenium-ban.\",\"breadcrumb\":{\"@id\":\"https:\/\/villamillennium.hu\/hu\/ajanlatkeres\/#breadcrumb\"},\"inLanguage\":\"hu\",\"potentialAction\":[{\"@type\":\"ReadAction\",\"target\":[\"https:\/\/villamillennium.hu\/hu\/ajanlatkeres\/\"]}]},{\"@type\":\"BreadcrumbList\",\"@id\":\"https:\/\/villamillennium.hu\/hu\/ajanlatkeres\/#breadcrumb\",\"itemListElement\":[{\"@type\":\"ListItem\",\"position\":1,\"name\":\"Kezd\u0151lap\",\"item\":\"https:\/\/villamillennium.hu\/hu\/\"},{\"@type\":\"ListItem\",\"position\":2,\"name\":\"Aj\u00e1nlatk\u00e9r\u00e9s\"}]},{\"@type\":\"WebSite\",\"@id\":\"https:\/\/villamillennium.hu\/hu\/#website\",\"url\":\"https:\/\/villamillennium.hu\/hu\/\",\"name\":\"Villa Millenium\",\"description\":\"Villa Millenium Balatonalm\u00e1di\",\"publisher\":{\"@id\":\"https:\/\/villamillennium.hu\/hu\/#organization\"},\"potentialAction\":[{\"@type\":\"SearchAction\",\"target\":{\"@type\":\"EntryPoint\",\"urlTemplate\":\"https:\/\/villamillennium.hu\/hu\/?s={search_term_string}\"},\"query-input\":\"required name=search_term_string\"}],\"inLanguage\":\"hu\"},{\"@type\":\"Organization\",\"@id\":\"https:\/\/villamillennium.hu\/hu\/#organization\",\"name\":\"Villa Millennium\",\"url\":\"https:\/\/villamillennium.hu\/hu\/\",\"logo\":{\"@type\":\"ImageObject\",\"inLanguage\":\"hu\",\"@id\":\"https:\/\/villamillennium.hu\/hu\/#\/schema\/logo\/image\/\",\"url\":\"https:\/\/villamillennium.hu\/wp-content\/uploads\/2021\/09\/vallam-logo-ras@4x-8-1.png\",\"contentUrl\":\"https:\/\/villamillennium.hu\/wp-content\/uploads\/2021\/09\/vallam-logo-ras@4x-8-1.png\",\"width\":648,\"height\":152,\"caption\":\"Villa Millennium\"},\"image\":{\"@id\":\"https:\/\/villamillennium.hu\/hu\/#\/schema\/logo\/image\/\"},\"sameAs\":[\"https:\/\/www.facebook.com\/VillaMillennium\",\"https:\/\/www.instagram.com\/villamillennium\/\"]}]}<\/script>\n<!-- \/ Yoast SEO plugin. -->","yoast_head_json":{"title":"Aj\u00e1nlatk\u00e9r\u00e9s - Villa Millenium","description":"Foglaljon online, gyorsan \u00e9s k\u00e9nyelmesen. Legyen vend\u00e9g\u00fcnk Balatonalm\u00e1din a Villa Millenium-ban.","robots":{"index":"index","follow":"follow","max-snippet":"max-snippet:-1","max-image-preview":"max-image-preview:large","max-video-preview":"max-video-preview:-1"},"canonical":"https:\/\/villamillennium.hu\/hu\/ajanlatkeres\/","og_locale":"hu_HU","og_type":"article","og_title":"Aj\u00e1nlatk\u00e9r\u00e9s - Villa Millenium","og_description":"Foglaljon online, gyorsan \u00e9s k\u00e9nyelmesen. Legyen vend\u00e9g\u00fcnk Balatonalm\u00e1din a Villa Millenium-ban.","og_url":"https:\/\/villamillennium.hu\/hu\/ajanlatkeres\/","og_site_name":"Villa Millenium","article_publisher":"https:\/\/www.facebook.com\/VillaMillennium","article_modified_time":"2022-04-05T00:00:35+00:00","twitter_card":"summary_large_image","twitter_misc":{"Becs\u00fclt olvas\u00e1si id\u0151":"1 perc"},"schema":{"@context":"https:\/\/schema.org","@graph":[{"@type":"WebPage","@id":"https:\/\/villamillennium.hu\/hu\/ajanlatkeres\/","url":"https:\/\/villamillennium.hu\/hu\/ajanlatkeres\/","name":"Aj\u00e1nlatk\u00e9r\u00e9s - Villa Millenium","isPartOf":{"@id":"https:\/\/villamillennium.hu\/hu\/#website"},"datePublished":"2021-09-16T12:32:37+00:00","dateModified":"2022-04-05T00:00:35+00:00","description":"Foglaljon online, gyorsan \u00e9s k\u00e9nyelmesen. Legyen vend\u00e9g\u00fcnk Balatonalm\u00e1din a Villa Millenium-ban.","breadcrumb":{"@id":"https:\/\/villamillennium.hu\/hu\/ajanlatkeres\/#breadcrumb"},"inLanguage":"hu","potentialAction":[{"@type":"ReadAction","target":["https:\/\/villamillennium.hu\/hu\/ajanlatkeres\/"]}]},{"@type":"BreadcrumbList","@id":"https:\/\/villamillennium.hu\/hu\/ajanlatkeres\/#breadcrumb","itemListElement":[{"@type":"ListItem","position":1,"name":"Kezd\u0151lap","item":"https:\/\/villamillennium.hu\/hu\/"},{"@type":"ListItem","position":2,"name":"Aj\u00e1nlatk\u00e9r\u00e9s"}]},{"@type":"WebSite","@id":"https:\/\/villamillennium.hu\/hu\/#website","url":"https:\/\/villamillennium.hu\/hu\/","name":"Villa Millenium","description":"Villa Millenium Balatonalm\u00e1di","publisher":{"@id":"https:\/\/villamillennium.hu\/hu\/#organization"},"potentialAction":[{"@type":"SearchAction","target":{"@type":"EntryPoint","urlTemplate":"https:\/\/villamillennium.hu\/hu\/?s={search_term_string}"},"query-input":"required name=search_term_string"}],"inLanguage":"hu"},{"@type":"Organization","@id":"https:\/\/villamillennium.hu\/hu\/#organization","name":"Villa Millennium","url":"https:\/\/villamillennium.hu\/hu\/","logo":{"@type":"ImageObject","inLanguage":"hu","@id":"https:\/\/villamillennium.hu\/hu\/#\/schema\/logo\/image\/","url":"https:\/\/villamillennium.hu\/wp-content\/uploads\/2021\/09\/vallam-logo-ras@4x-8-1.png","contentUrl":"https:\/\/villamillennium.hu\/wp-content\/uploads\/2021\/09\/vallam-logo-ras@4x-8-1.png","width":648,"height":152,"caption":"Villa Millennium"},"image":{"@id":"https:\/\/villamillennium.hu\/hu\/#\/schema\/logo\/image\/"},"sameAs":["https:\/\/www.facebook.com\/VillaMillennium","https:\/\/www.instagram.com\/villamillennium\/"]}]}},"_links":{"self":[{"href":"https:\/\/villamillennium.hu\/hu\/wp-json\/wp\/v2\/pages\/5303"}],"collection":[{"href":"https:\/\/villamillennium.hu\/hu\/wp-json\/wp\/v2\/pages"}],"about":[{"href":"https:\/\/villamillennium.hu\/hu\/wp-json\/wp\/v2\/types\/page"}],"author":[{"embeddable":true,"href":"https:\/\/villamillennium.hu\/hu\/wp-json\/wp\/v2\/users\/7"}],"replies":[{"embeddable":true,"href":"https:\/\/villamillennium.hu\/hu\/wp-json\/wp\/v2\/comments?post=5303"}],"version-history":[{"count":3,"href":"https:\/\/villamillennium.hu\/hu\/wp-json\/wp\/v2\/pages\/5303\/revisions"}],"predecessor-version":[{"id":6689,"href":"https:\/\/villamillennium.hu\/hu\/wp-json\/wp\/v2\/pages\/5303\/revisions\/6689"}],"wp:attachment":[{"href":"https:\/\/villamillennium.hu\/hu\/wp-json\/wp\/v2\/media?parent=5303"}],"curies":[{"name":"wp","href":"https:\/\/api.w.org\/{rel}","templated":true}]}}