{"id":2617,"date":"2017-11-28T09:06:58","date_gmt":"2017-11-28T09:06:58","guid":{"rendered":"http:\/\/albergo.elated-themes.com\/?page_id=2617"},"modified":"2025-04-01T13:27:39","modified_gmt":"2025-04-01T11:27:39","slug":"araink","status":"publish","type":"page","link":"https:\/\/villamillennium.hu\/hu\/araink\/","title":{"rendered":"\u00c1raink"},"content":{"rendered":"<div class=\"wpb-content-wrapper\"><p>[vc_row row_content_width=&#8221;grid&#8221; content_text_aligment=&#8221;center&#8221; css=&#8221;.vc_custom_1637249018920{padding-bottom: 0px !important;}&#8221;][vc_column css=&#8221;.vc_custom_1634569829181{background-image: url(https:\/\/villamillennium.hu\/wp-content\/uploads\/2021\/09\/Villa-MillenniumDGy_289-1.jpg?id=5143) !important;background-position: center !important;background-repeat: no-repeat !important;background-size: cover !important;}&#8221;]<div class=\"eltd-elements-holder   eltd-one-column  eltd-responsive-mode-768 \" ><div class=\"eltd-eh-item    \"  data-item-class=\"eltd-eh-custom-1242\" data-1024-1280=\"15% 0 15% 0\" data-768-1024=\"15% 0 15% 0\" data-680-768=\"20% 0 20% 0\" data-680=\"20% 0 20% 0\">\n\t<div class=\"eltd-eh-item-inner\">\n\t\t<div class=\"eltd-eh-item-content eltd-eh-custom-1242\" style=\"padding: 15% 0 15% 0\">\n\t\t\t\t\t<\/div>\n\t<\/div>\n<\/div><\/div>[\/vc_column][\/vc_row][vc_row row_content_width=&#8221;grid&#8221; content_text_aligment=&#8221;center&#8221; css=&#8221;.vc_custom_1637334132753{padding-top: 40px !important;padding-bottom: 40px !important;}&#8221;][vc_column css=&#8221;.vc_custom_1637249042545{padding-top: 0px !important;}&#8221;]<div class=\"eltd-section-title-holder eltd-separator-disabled  eltd-st-text-position-center\" style=\"text-align: center\">\n    <div class=\"eltd-section-title-inner\">\n                            <h1 class=\"eltd-st-title eltd-title-center\" >\n                <span class=\"eltd-st-before\"><\/span>\n                <span>\u00c1raink<\/span>\n            <\/h1>\n                            <\/div>\n<\/div>[\/vc_column][\/vc_row][vc_row row_content_width=&#8221;grid&#8221; css=&#8221;.vc_custom_1637334173805{padding-top: 1vh !important;padding-right: 4% !important;padding-left: 4% !important;background-color: #ffffff !important;}&#8221;][vc_column][vc_column_text]<\/p>\n<h3>Szoba\u00e1rak 2025:<\/h3>\n<p>[\/vc_column_text][\/vc_column][\/vc_row][vc_row row_content_width=&#8221;grid&#8221; css=&#8221;.vc_custom_1637576146143{padding-right: 4% !important;padding-bottom: 2vh !important;padding-left: 4% !important;background-color: #ffffff !important;}&#8221;][vc_column width=&#8221;1\/2&#8243;][vc_column_text]<\/p>\n<h4>Superior k\u00e9t\u00e1gyas szoba<\/h4>\n<p>[\/vc_column_text][vc_empty_space height=&#8221;10px&#8221;][vc_column_text]<\/p>\n<h4>Deluxe k\u00e9t\u00e1gyas szoba<\/h4>\n<p>[\/vc_column_text][vc_empty_space height=&#8221;10px&#8221;][vc_column_text]<\/p>\n<h4>Deluxe k\u00e9t\u00e1gyas, franciaerk\u00e9lyes,panor\u00e1m\u00e1s szoba<\/h4>\n<p>[\/vc_column_text][vc_empty_space height=&#8221;10px&#8221;][vc_column_text]<\/p>\n<h4>Deluxe k\u00e9t\u00e1gyas erk\u00e9lyes,panor\u00e1m\u00e1s szoba<\/h4>\n<p>[\/vc_column_text][vc_empty_space height=&#8221;10px&#8221;][vc_column_text]<\/p>\n<h4>Deluxe csal\u00e1di szoba p\u00f3t\u00e1ggyal 6 f\u0151ig b\u0151v\u00edthet\u0151<\/h4>\n<p>[\/vc_column_text][vc_empty_space height=&#8221;10px&#8221;][vc_column_text]<\/p>\n<h4>Deluxe connecting szoba 4 f\u0151ig<\/h4>\n<p>[\/vc_column_text][\/vc_column][vc_column width=&#8221;1\/2&#8243;][vc_column_text]<\/p>\n<h4>39.900.- Ft \/ \u00e9jszaka \/ 2 f\u0151<\/h4>\n<p>[\/vc_column_text][vc_empty_space height=&#8221;10px&#8221;][vc_column_text]<\/p>\n<h4>43.900.- Ft \/ \u00e9jszaka \/ 2 f\u0151<\/h4>\n<p>[\/vc_column_text][vc_empty_space height=&#8221;10px&#8221;][vc_column_text]<\/p>\n<h4>45.900.- Ft \/ \u00e9jszaka \/ 2 f\u0151<\/h4>\n<p>[\/vc_column_text][vc_empty_space height=&#8221;10px&#8221;][vc_column_text]<\/p>\n<h4>47.900.- Ft \/ \u00e9jszaka \/ 2 f\u0151<\/h4>\n<p>[\/vc_column_text][vc_empty_space height=&#8221;10px&#8221;][vc_column_text]<\/p>\n<h4>73.900.- Ft \/ \u00e9jszaka<\/h4>\n<p>[\/vc_column_text][vc_empty_space height=&#8221;10px&#8221;][vc_column_text]<\/p>\n<h4>83.900.- Ft \/ \u00e9jszaka<\/h4>\n<p>[\/vc_column_text][\/vc_column][\/vc_row][vc_row row_content_width=&#8221;grid&#8221; css=&#8221;.vc_custom_1637333805362{padding-right: 4% !important;padding-left: 4% !important;background-color: #ffffff !important;}&#8221;][vc_column][vc_column_text]<\/p>\n<h4>B\u0151s\u00e9ges pr\u00e9mium reggeli 5.600.- Ft\/f\u0151\/nap, gyermekek eset\u00e9ben 12 \u00e9ves korig 2.800.-Ft\/f\u0151\/nap<\/h4>\n<p>[\/vc_column_text][\/vc_column][\/vc_row][vc_row row_content_width=&#8221;grid&#8221; css=&#8221;.vc_custom_1637333812241{padding-top: 3vh !important;padding-right: 4% !important;padding-left: 4% !important;background-color: #ffffff !important;}&#8221;][vc_column][vc_separator align=&#8221;align_left&#8221; border_width=&#8221;2&#8243;][vc_empty_space height=&#8221;30px&#8221;][vc_column_text]<\/p>\n<h3>Gyermekkedvezm\u00e9ny:<\/h3>\n<p>[\/vc_column_text][vc_empty_space height=&#8221;10px&#8221;][vc_row_inner][vc_column_inner width=&#8221;1\/2&#8243;][vc_column_text]<\/p>\n<h4>0-3 \u00e9ves korig p\u00f3t\u00e1gy n\u00e9lk\u00fcl, gyermek\u00e1gyban<\/h4>\n<p>[\/vc_column_text][vc_empty_space height=&#8221;10px&#8221;][vc_column_text]<\/p>\n<h4>3-12 \u00e9ves korig p\u00f3t\u00e1gyon<\/h4>\n<p>[\/vc_column_text][vc_empty_space height=&#8221;10px&#8221;][vc_column_text]<\/p>\n<h4>P\u00f3t\u00e1gy 12 \u00e9ves kor felett<\/h4>\n<p>[\/vc_column_text][\/vc_column_inner][vc_column_inner width=&#8221;1\/2&#8243;][vc_column_text]<\/p>\n<h4>ingyenes<\/h4>\n<p>[\/vc_column_text][vc_empty_space height=&#8221;10px&#8221;][vc_column_text]<\/p>\n<h4>7.000.- Ft \/ \u00e9jszaka<\/h4>\n<p>[\/vc_column_text][vc_empty_space height=&#8221;10px&#8221;][vc_column_text]<\/p>\n<h4>10.000.- Ft \/ \u00e9jszaka<\/h4>\n<p>[\/vc_column_text][\/vc_column_inner][\/vc_row_inner][vc_row_inner][vc_column_inner][vc_empty_space height=&#8221;50px&#8221;][vc_separator align=&#8221;align_left&#8221; border_width=&#8221;2&#8243;][vc_empty_space height=&#8221;30px&#8221;][vc_column_text]<\/p>\n<h4>A megadott \u00e1rak a k\u00f6vetkez\u0151 szolg\u00e1ltat\u00e1sokat tartalmazz\u00e1k:<\/h4>\n<p>[\/vc_column_text][vc_empty_space height=&#8221;10px&#8221;][vc_column_text]<\/p>\n<ul>\n<li>z\u00e1rt parkol\u00f3 haszn\u00e1lat<\/li>\n<li>\u00e9rt\u00e9kmeg\u0151rz\u00e9s<\/li>\n<li>ingyenes WI-FI haszn\u00e1lat<\/li>\n<li>sporteszk\u00f6z haszn\u00e1lat (ker\u00e9kp\u00e1r,SUP,tollaslabda)<\/li>\n<li>gyermekj\u00e1tsz\u00f3t\u00e9r,trambulin haszn\u00e1lat<\/li>\n<\/ul>\n<p>[\/vc_column_text][vc_empty_space height=&#8221;50px&#8221;][vc_separator align=&#8221;align_left&#8221; border_width=&#8221;2&#8243;][vc_empty_space height=&#8221;30px&#8221;][vc_column_text]<\/p>\n<h4>Lemond\u00e1si felt\u00e9telek (a foglal\u00e1s teljes \u00f6sszeg\u00e9re vet\u00edtve):<\/h4>\n<p>[\/vc_column_text][vc_empty_space height=&#8221;10px&#8221;][vc_column_text]<\/p>\n<ul>\n<li>30-21 nap k\u00f6z\u00f6tt: 40%<\/li>\n<li>20-11 nap k\u00f6z\u00f6tt: 75%<\/li>\n<li>10 napon bel\u00fcl 100%<\/li>\n<\/ul>\n<p>[\/vc_column_text][vc_empty_space height=&#8221;50px&#8221;][vc_separator align=&#8221;align_left&#8221; border_width=&#8221;2&#8243;][vc_empty_space height=&#8221;30px&#8221;][vc_column_text]<\/p>\n<h4>A felt\u00fcntetett \u00e1rak az idegenforgalmi ad\u00f3 k\u00f6lts\u00e9g\u00e9t nem tartalmazz\u00e1k. Az Idegenforgalmi Ad\u00f3 18 \u00e9ves kor felett 710.- Ft \/ f\u0151 \/ \u00e9jszaka.<\/h4>\n<p>[\/vc_column_text][vc_empty_space height=&#8221;10px&#8221;][vc_column_text]<\/p>\n<h4>A csal\u00e1di \u00e9s connecting szob\u00e1kban tov\u00e1bbi gyermek tart\u00f3zkod\u00e1sa eset\u00e9n az \u00e9letkornak megfelel\u0151 kedvezm\u00e9nyes d\u00edjat sz\u00e1m\u00edtjuk fel.<\/h4>\n<p>[\/vc_column_text][vc_empty_space height=&#8221;10px&#8221;][vc_column_text]<\/p>\n<h4>A visszaigazolt foglal\u00e1sokon k\u00edv\u00fcl az \u00e1rv\u00e1ltoz\u00e1s jog\u00e1t fenntartjuk.<\/h4>\n<p>[\/vc_column_text][vc_empty_space height=&#8221;10px&#8221;][vc_column_text]<\/p>\n<h4>A szob\u00e1kat az \u00e9rkez\u00e9s napj\u00e1n 14 \u00f3r\u00e1t\u00f3l lehet elfoglalni, \u00e9s az elutaz\u00e1s napj\u00e1n 11 \u00f3rakor k\u00e9rj\u00fck elhagyni.<\/h4>\n<p>[\/vc_column_text][vc_empty_space height=&#8221;50px&#8221;][vc_separator align=&#8221;align_left&#8221; border_width=&#8221;2&#8243;][\/vc_column_inner][\/vc_row_inner][\/vc_column][\/vc_row][vc_row row_content_width=&#8221;grid&#8221; css=&#8221;.vc_custom_1637333871227{margin-bottom: 50px !important;padding-top: 3vh !important;padding-right: 4% !important;padding-bottom: 3vh !important;padding-left: 4% !important;background-color: #ffffff !important;}&#8221;][vc_column css=&#8221;.vc_custom_1631870382467{padding-top: 0px !important;}&#8221;][vc_column_text]<\/p>\n<h4 style=\"text-align: left;\">Sz\u00e1ll\u00e1shely\u00fcnk\u00f6n SZ\u00c9P k\u00e1rty\u00e1val is fizethet!<\/h4>\n<p>[\/vc_column_text][vc_single_image image=&#8221;5325&#8243; img_size=&#8221;&#8221; css=&#8221;.vc_custom_1631869960359{padding-top: 50px !important;padding-bottom: 50px !important;}&#8221;][vc_column_text]<\/p>\n<h4 style=\"text-align: left;\">Rendezv\u00e9ny, csapat\u00e9p\u00edt\u0151 tr\u00e9ning, csoportfoglal\u00e1s eset\u00e9n k\u00e9rje egyedi aj\u00e1nlatunkat az <a href=\"mailto:info@villamillennium.hu\">info@villamillennium.hu<\/a> e-mail c\u00edmen.<\/h4>\n<p>[\/vc_column_text][vc_empty_space height=&#8221;50px&#8221;][\/vc_column][\/vc_row][vc_row row_content_width=&#8221;grid&#8221; content_text_aligment=&#8221;center&#8221; css=&#8221;.vc_custom_1637601445252{margin-bottom: 100px !important;padding-top: 20px !important;padding-bottom: 60px !important;background-color: #ffffff !important;}&#8221;][vc_column css=&#8221;.vc_custom_1637324647608{padding-top: 0px !important;}&#8221;][vc_empty_space height=&#8221;35px&#8221;]<div class=\"eltd-elements-holder   eltd-one-column  eltd-responsive-mode-768 \" ><div class=\"eltd-eh-item   eltd-horizontal-alignment-center \"  data-item-class=\"eltd-eh-custom-6678\" data-1280-1600=\"0 21% 0 21%\" data-1024-1280=\"0 21% 0 21%\" data-768-1024=\"0 8% 0 8%\" data-680-768=\"0 0 0 0\" data-680=\"0 0 0 0\">\n\t<div class=\"eltd-eh-item-inner\">\n\t\t<div class=\"eltd-eh-item-content eltd-eh-custom-6678\" style=\"padding: 0 25% 0 25%\">\n\t\t\t<div class=\"eltd-section-title-holder eltd-separator-disabled  \" >\n    <div class=\"eltd-section-title-inner\">\n                            <h2 class=\"eltd-st-title \" style=\"margin-bottom: 0px\">\n                <span class=\"eltd-st-before\"><\/span>\n                <span>Aj\u00e1nd\u00e9kutalv\u00e1ny<\/span>\n            <\/h2>\n                            <\/div>\n<\/div>[vc_column_text css=&#8221;.vc_custom_1637576471629{margin-top: 0px !important;}&#8221;]<\/p>\n<h3 style=\"text-align: center;\">A r\u00e9szletek\u00e9rt \u00e9rdekl\u0151dj\u00f6n el\u00e9rhet\u0151s\u00e9geinken!<\/h3>\n<p>[\/vc_column_text]\t\t<\/div>\n\t<\/div>\n<\/div><\/div>[vc_empty_space height=&#8221;35px&#8221;]<a itemprop=\"url\" href=\"\/kapcsolat\/\" target=\"_self\"  class=\"eltd-btn eltd-btn-medium eltd-btn-solid eltd-btn-line-left eltd-btn-animation-enabled\"  >\n    <span class=\"eltd-btn-text\">Kapcsolat<\/span>\n\n        \t<span class=\"eltd-btn-hover-overlay\" ><\/span>\n    \n    <\/a>[\/vc_column][\/vc_row]<\/p>\n<\/div>","protected":false},"excerpt":{"rendered":"<p>[vc_row row_content_width=&#8221;grid&#8221; content_text_aligment=&#8221;center&#8221; css=&#8221;.vc_custom_1637249018920{padding-bottom: 0px !important;}&#8221;][vc_column css=&#8221;.vc_custom_1634569829181{background-image: url(https:\/\/villamillennium.hu\/wp-content\/uploads\/2021\/09\/Villa-MillenniumDGy_289-1.jpg?id=5143) !important;background-position: center !important;background-repeat: no-repeat !important;background-size: cover !important;}&#8221;][\/vc_column][\/vc_row][vc_row row_content_width=&#8221;grid&#8221; content_text_aligment=&#8221;center&#8221; css=&#8221;.vc_custom_1637334132753{padding-top: 40px !important;padding-bottom: 40px !important;}&#8221;][vc_column css=&#8221;.vc_custom_1637249042545{padding-top: 0px !important;}&#8221;][\/vc_column][\/vc_row][vc_row row_content_width=&#8221;grid&#8221; css=&#8221;.vc_custom_1637334173805{padding-top: 1vh !important;padding-right: 4% !important;padding-left: 4% !important;background-color: #ffffff !important;}&#8221;][vc_column][vc_column_text] Szoba\u00e1rak 2025: [\/vc_column_text][\/vc_column][\/vc_row][vc_row row_content_width=&#8221;grid&#8221; css=&#8221;.vc_custom_1637576146143{padding-right: 4% !important;padding-bottom: 2vh !important;padding-left: 4% !important;background-color: #ffffff !important;}&#8221;][vc_column width=&#8221;1\/2&#8243;][vc_column_text] Superior k\u00e9t\u00e1gyas szoba [\/vc_column_text][vc_empty_space height=&#8221;10px&#8221;][vc_column_text] Deluxe [&hellip;]<\/p>\n","protected":false},"author":7,"featured_media":0,"parent":0,"menu_order":0,"comment_status":"closed","ping_status":"closed","template":"full-width.php","meta":[],"yoast_head":"<!-- This site is optimized with the Yoast SEO plugin v20.1 - https:\/\/yoast.com\/wordpress\/plugins\/seo\/ -->\n<title>\u00c1raink - Villa Millenium<\/title>\n<meta name=\"description\" content=\"Tekintse meg aktu\u00e1lis \u00e1rainkat.\" \/>\n<meta name=\"robots\" content=\"index, follow, max-snippet:-1, max-image-preview:large, max-video-preview:-1\" \/>\n<link rel=\"canonical\" href=\"https:\/\/villamillennium.hu\/hu\/araink\/\" \/>\n<meta property=\"og:locale\" content=\"hu_HU\" \/>\n<meta property=\"og:type\" content=\"article\" \/>\n<meta property=\"og:title\" content=\"\u00c1raink - Villa Millenium\" \/>\n<meta property=\"og:description\" content=\"Tekintse meg aktu\u00e1lis \u00e1rainkat.\" \/>\n<meta property=\"og:url\" content=\"https:\/\/villamillennium.hu\/hu\/araink\/\" \/>\n<meta property=\"og:site_name\" content=\"Villa Millenium\" \/>\n<meta property=\"article:publisher\" content=\"https:\/\/www.facebook.com\/VillaMillennium\" \/>\n<meta property=\"article:modified_time\" content=\"2025-04-01T11:27:39+00:00\" \/>\n<meta name=\"twitter:card\" content=\"summary_large_image\" \/>\n<meta name=\"twitter:label1\" content=\"Becs\u00fclt olvas\u00e1si id\u0151\" \/>\n\t<meta name=\"twitter:data1\" content=\"3 perc\" \/>\n<script type=\"application\/ld+json\" class=\"yoast-schema-graph\">{\"@context\":\"https:\/\/schema.org\",\"@graph\":[{\"@type\":\"WebPage\",\"@id\":\"https:\/\/villamillennium.hu\/hu\/araink\/\",\"url\":\"https:\/\/villamillennium.hu\/hu\/araink\/\",\"name\":\"\u00c1raink - Villa Millenium\",\"isPartOf\":{\"@id\":\"https:\/\/villamillennium.hu\/hu\/#website\"},\"datePublished\":\"2017-11-28T09:06:58+00:00\",\"dateModified\":\"2025-04-01T11:27:39+00:00\",\"description\":\"Tekintse meg aktu\u00e1lis \u00e1rainkat.\",\"breadcrumb\":{\"@id\":\"https:\/\/villamillennium.hu\/hu\/araink\/#breadcrumb\"},\"inLanguage\":\"hu\",\"potentialAction\":[{\"@type\":\"ReadAction\",\"target\":[\"https:\/\/villamillennium.hu\/hu\/araink\/\"]}]},{\"@type\":\"BreadcrumbList\",\"@id\":\"https:\/\/villamillennium.hu\/hu\/araink\/#breadcrumb\",\"itemListElement\":[{\"@type\":\"ListItem\",\"position\":1,\"name\":\"Kezd\u0151lap\",\"item\":\"https:\/\/villamillennium.hu\/hu\/\"},{\"@type\":\"ListItem\",\"position\":2,\"name\":\"\u00c1raink\"}]},{\"@type\":\"WebSite\",\"@id\":\"https:\/\/villamillennium.hu\/hu\/#website\",\"url\":\"https:\/\/villamillennium.hu\/hu\/\",\"name\":\"Villa Millenium\",\"description\":\"Villa Millenium Balatonalm\u00e1di\",\"publisher\":{\"@id\":\"https:\/\/villamillennium.hu\/hu\/#organization\"},\"potentialAction\":[{\"@type\":\"SearchAction\",\"target\":{\"@type\":\"EntryPoint\",\"urlTemplate\":\"https:\/\/villamillennium.hu\/hu\/?s={search_term_string}\"},\"query-input\":\"required name=search_term_string\"}],\"inLanguage\":\"hu\"},{\"@type\":\"Organization\",\"@id\":\"https:\/\/villamillennium.hu\/hu\/#organization\",\"name\":\"Villa Millennium\",\"url\":\"https:\/\/villamillennium.hu\/hu\/\",\"logo\":{\"@type\":\"ImageObject\",\"inLanguage\":\"hu\",\"@id\":\"https:\/\/villamillennium.hu\/hu\/#\/schema\/logo\/image\/\",\"url\":\"https:\/\/villamillennium.hu\/wp-content\/uploads\/2021\/09\/vallam-logo-ras@4x-8-1.png\",\"contentUrl\":\"https:\/\/villamillennium.hu\/wp-content\/uploads\/2021\/09\/vallam-logo-ras@4x-8-1.png\",\"width\":648,\"height\":152,\"caption\":\"Villa Millennium\"},\"image\":{\"@id\":\"https:\/\/villamillennium.hu\/hu\/#\/schema\/logo\/image\/\"},\"sameAs\":[\"https:\/\/www.facebook.com\/VillaMillennium\",\"https:\/\/www.instagram.com\/villamillennium\/\"]}]}<\/script>\n<!-- \/ Yoast SEO plugin. -->","yoast_head_json":{"title":"\u00c1raink - Villa Millenium","description":"Tekintse meg aktu\u00e1lis \u00e1rainkat.","robots":{"index":"index","follow":"follow","max-snippet":"max-snippet:-1","max-image-preview":"max-image-preview:large","max-video-preview":"max-video-preview:-1"},"canonical":"https:\/\/villamillennium.hu\/hu\/araink\/","og_locale":"hu_HU","og_type":"article","og_title":"\u00c1raink - Villa Millenium","og_description":"Tekintse meg aktu\u00e1lis \u00e1rainkat.","og_url":"https:\/\/villamillennium.hu\/hu\/araink\/","og_site_name":"Villa Millenium","article_publisher":"https:\/\/www.facebook.com\/VillaMillennium","article_modified_time":"2025-04-01T11:27:39+00:00","twitter_card":"summary_large_image","twitter_misc":{"Becs\u00fclt olvas\u00e1si id\u0151":"3 perc"},"schema":{"@context":"https:\/\/schema.org","@graph":[{"@type":"WebPage","@id":"https:\/\/villamillennium.hu\/hu\/araink\/","url":"https:\/\/villamillennium.hu\/hu\/araink\/","name":"\u00c1raink - Villa Millenium","isPartOf":{"@id":"https:\/\/villamillennium.hu\/hu\/#website"},"datePublished":"2017-11-28T09:06:58+00:00","dateModified":"2025-04-01T11:27:39+00:00","description":"Tekintse meg aktu\u00e1lis \u00e1rainkat.","breadcrumb":{"@id":"https:\/\/villamillennium.hu\/hu\/araink\/#breadcrumb"},"inLanguage":"hu","potentialAction":[{"@type":"ReadAction","target":["https:\/\/villamillennium.hu\/hu\/araink\/"]}]},{"@type":"BreadcrumbList","@id":"https:\/\/villamillennium.hu\/hu\/araink\/#breadcrumb","itemListElement":[{"@type":"ListItem","position":1,"name":"Kezd\u0151lap","item":"https:\/\/villamillennium.hu\/hu\/"},{"@type":"ListItem","position":2,"name":"\u00c1raink"}]},{"@type":"WebSite","@id":"https:\/\/villamillennium.hu\/hu\/#website","url":"https:\/\/villamillennium.hu\/hu\/","name":"Villa Millenium","description":"Villa Millenium Balatonalm\u00e1di","publisher":{"@id":"https:\/\/villamillennium.hu\/hu\/#organization"},"potentialAction":[{"@type":"SearchAction","target":{"@type":"EntryPoint","urlTemplate":"https:\/\/villamillennium.hu\/hu\/?s={search_term_string}"},"query-input":"required name=search_term_string"}],"inLanguage":"hu"},{"@type":"Organization","@id":"https:\/\/villamillennium.hu\/hu\/#organization","name":"Villa Millennium","url":"https:\/\/villamillennium.hu\/hu\/","logo":{"@type":"ImageObject","inLanguage":"hu","@id":"https:\/\/villamillennium.hu\/hu\/#\/schema\/logo\/image\/","url":"https:\/\/villamillennium.hu\/wp-content\/uploads\/2021\/09\/vallam-logo-ras@4x-8-1.png","contentUrl":"https:\/\/villamillennium.hu\/wp-content\/uploads\/2021\/09\/vallam-logo-ras@4x-8-1.png","width":648,"height":152,"caption":"Villa Millennium"},"image":{"@id":"https:\/\/villamillennium.hu\/hu\/#\/schema\/logo\/image\/"},"sameAs":["https:\/\/www.facebook.com\/VillaMillennium","https:\/\/www.instagram.com\/villamillennium\/"]}]}},"_links":{"self":[{"href":"https:\/\/villamillennium.hu\/hu\/wp-json\/wp\/v2\/pages\/2617"}],"collection":[{"href":"https:\/\/villamillennium.hu\/hu\/wp-json\/wp\/v2\/pages"}],"about":[{"href":"https:\/\/villamillennium.hu\/hu\/wp-json\/wp\/v2\/types\/page"}],"author":[{"embeddable":true,"href":"https:\/\/villamillennium.hu\/hu\/wp-json\/wp\/v2\/users\/7"}],"replies":[{"embeddable":true,"href":"https:\/\/villamillennium.hu\/hu\/wp-json\/wp\/v2\/comments?post=2617"}],"version-history":[{"count":12,"href":"https:\/\/villamillennium.hu\/hu\/wp-json\/wp\/v2\/pages\/2617\/revisions"}],"predecessor-version":[{"id":7037,"href":"https:\/\/villamillennium.hu\/hu\/wp-json\/wp\/v2\/pages\/2617\/revisions\/7037"}],"wp:attachment":[{"href":"https:\/\/villamillennium.hu\/hu\/wp-json\/wp\/v2\/media?parent=2617"}],"curies":[{"name":"wp","href":"https:\/\/api.w.org\/{rel}","templated":true}]}}