{"id":6698,"date":"2022-04-05T01:53:05","date_gmt":"2022-04-04T23:53:05","guid":{"rendered":"https:\/\/villamillennium.hu\/foglalas\/"},"modified":"2022-04-05T15:50:56","modified_gmt":"2022-04-05T13:50:56","slug":"booking","status":"publish","type":"page","link":"https:\/\/villamillennium.hu\/en\/booking\/","title":{"rendered":"Booking"},"content":{"rendered":"<div class=\"wpb-content-wrapper\"><p>[vc_row row_content_width=&#8221;grid&#8221; content_text_aligment=&#8221;center&#8221; css=&#8221;.vc_custom_1637327417138{margin-top: 0px !important;padding-top: 0px !important;padding-bottom: 0px !important;}&#8221;][vc_column css=&#8221;.vc_custom_1634569470991{margin-top: 0px !important;padding-top: 0px !important;background-image: url(https:\/\/villamillennium.hu\/wp-content\/uploads\/2021\/09\/Villa-MillenniumDGy_181_-1.jpg?id=5135) !important;background-position: center !important;background-repeat: no-repeat !important;background-size: cover !important;}&#8221;]<div class=\"eltd-elements-holder   eltd-one-column  eltd-responsive-mode-768 \" ><div class=\"eltd-eh-item    \"  data-item-class=\"eltd-eh-custom-7087\" data-1024-1280=\"15% 0 15% 0\" data-768-1024=\"15% 0 15% 0\" data-680-768=\"20% 0 20% 0\" data-680=\"20% 0 20% 0\">\n\t<div class=\"eltd-eh-item-inner\">\n\t\t<div class=\"eltd-eh-item-content eltd-eh-custom-7087\" style=\"padding: 15% 0 15% 0\">\n\t\t\t\t\t<\/div>\n\t<\/div>\n<\/div><\/div>[\/vc_column][\/vc_row][vc_row row_content_width=&#8221;grid&#8221; content_text_aligment=&#8221;center&#8221; css=&#8221;.vc_custom_1637327448585{padding-top: 40px !important;padding-right: 4% !important;padding-bottom: 40px !important;padding-left: 4% !important;}&#8221;][vc_column]<div class=\"eltd-section-title-holder eltd-separator-disabled  eltd-st-text-position-center\" style=\"text-align: center\">\n    <div class=\"eltd-section-title-inner\">\n                            <h1 class=\"eltd-st-title eltd-title-center\" >\n                <span class=\"eltd-st-before\"><\/span>\n                <span>Booking<\/span>\n            <\/h1>\n                            <\/div>\n<\/div>[\/vc_column][\/vc_row][vc_row row_content_width=&#8221;grid&#8221; css=&#8221;.vc_custom_1649117695397{margin-right: 0px !important;margin-bottom: 64px !important;margin-left: 0px !important;padding-right: 0px !important;padding-left: 0px !important;}&#8221;][vc_column css=&#8221;.vc_custom_1649117688002{margin-right: 0px !important;margin-left: 0px !important;padding-right: 0px !important;padding-left: 0px !important;}&#8221;][vc_raw_js]JTNDc2NyaXB0JTNFJTBBdmFyJTIwaG90ZWwlMjAlM0QlMjAlMjd2aWxsYW1pbGxlbml1bSUyNyUzQiUyMCUwQXZhciUyMGlmcmFtZV9rZXklMjAlM0QlMjA5MzklM0IlMEF2YXIlMjBsYW5nJTIwJTNEJTIwJTI3ZW4lMjclM0IlMEF2YXIlMjBjdXJyZW5jeSUyMCUzRCUyMCUyN0VVUiUyNyUzQiUyMCUwQXZhciUyMHN0aWNreV9oZWFkZXIlMjAlM0QlMjAlMjclMjclM0IlMEF2YXIlMjBiYWRnZV9hbGlnbiUyMCUzRCUyMCUyN2xlZnQlMjclM0IlMEF3aW5kb3cub25pZnJhbWVpbml0aWFsaXplJTIwJTNEJTIwZnVuY3Rpb24lMjglMjklN0IlN0QlMEElM0MlMkZzY3JpcHQlM0UlMEElM0NzY3JpcHQlMjBzcmMlM0QlMjJodHRwcyUzQSUyRiUyRm5ldGhvdGVsYm9va2luZy5uZXQlMkZlbWJlZC5qcyUyMiUzRSUzQyUyRnNjcmlwdCUzRSUyMA==[\/vc_raw_js][\/vc_column][\/vc_row]<\/p>\n<\/div>","protected":false},"excerpt":{"rendered":"<p>[vc_row row_content_width=&#8221;grid&#8221; content_text_aligment=&#8221;center&#8221; css=&#8221;.vc_custom_1637327417138{margin-top: 0px !important;padding-top: 0px !important;padding-bottom: 0px !important;}&#8221;][vc_column css=&#8221;.vc_custom_1634569470991{margin-top: 0px !important;padding-top: 0px !important;background-image: url(https:\/\/villamillennium.hu\/wp-content\/uploads\/2021\/09\/Villa-MillenniumDGy_181_-1.jpg?id=5135) !important;background-position: center !important;background-repeat: no-repeat !important;background-size: cover !important;}&#8221;][\/vc_column][\/vc_row][vc_row row_content_width=&#8221;grid&#8221; content_text_aligment=&#8221;center&#8221; css=&#8221;.vc_custom_1637327448585{padding-top: 40px !important;padding-right: 4% !important;padding-bottom: 40px !important;padding-left: 4% !important;}&#8221;][vc_column][\/vc_column][\/vc_row][vc_row row_content_width=&#8221;grid&#8221; css=&#8221;.vc_custom_1649117695397{margin-right: 0px !important;margin-bottom: 64px !important;margin-left: 0px !important;padding-right: 0px !important;padding-left: 0px !important;}&#8221;][vc_column css=&#8221;.vc_custom_1649117688002{margin-right: 0px !important;margin-left: 0px !important;padding-right: 0px !important;padding-left: 0px !important;}&#8221;][vc_raw_js]JTNDc2NyaXB0JTNFJTBBdmFyJTIwaG90ZWwlMjAlM0QlMjAlMjd2aWxsYW1pbGxlbml1bSUyNyUzQiUyMCUwQXZhciUyMGlmcmFtZV9rZXklMjAlM0QlMjA5MzklM0IlMEF2YXIlMjBsYW5nJTIwJTNEJTIwJTI3ZW4lMjclM0IlMEF2YXIlMjBjdXJyZW5jeSUyMCUzRCUyMCUyN0VVUiUyNyUzQiUyMCUwQXZhciUyMHN0aWNreV9oZWFkZXIlMjAlM0QlMjAlMjclMjclM0IlMEF2YXIlMjBiYWRnZV9hbGlnbiUyMCUzRCUyMCUyN2xlZnQlMjclM0IlMEF3aW5kb3cub25pZnJhbWVpbml0aWFsaXplJTIwJTNEJTIwZnVuY3Rpb24lMjglMjklN0IlN0QlMEElM0MlMkZzY3JpcHQlM0UlMEElM0NzY3JpcHQlMjBzcmMlM0QlMjJodHRwcyUzQSUyRiUyRm5ldGhvdGVsYm9va2luZy5uZXQlMkZlbWJlZC5qcyUyMiUzRSUzQyUyRnNjcmlwdCUzRSUyMA==[\/vc_raw_js][\/vc_column][\/vc_row]<\/p>\n","protected":false},"author":7,"featured_media":0,"parent":0,"menu_order":0,"comment_status":"closed","ping_status":"closed","template":"full-width.php","meta":[],"yoast_head":"<!-- This site is optimized with the Yoast SEO plugin v20.1 - https:\/\/yoast.com\/wordpress\/plugins\/seo\/ -->\n<title>Booking - Villa Millenium<\/title>\n<meta name=\"description\" content=\"Foglaljon online, gyorsan \u00e9s k\u00e9nyelmesen. Legyen vend\u00e9g\u00fcnk Balatonalm\u00e1din a Villa Millenium-ban.\" \/>\n<meta name=\"robots\" content=\"noindex, follow\" \/>\n<meta property=\"og:locale\" content=\"en_US\" \/>\n<meta property=\"og:type\" content=\"article\" \/>\n<meta property=\"og:title\" content=\"Booking - Villa Millenium\" \/>\n<meta property=\"og:description\" content=\"Foglaljon online, gyorsan \u00e9s k\u00e9nyelmesen. Legyen vend\u00e9g\u00fcnk Balatonalm\u00e1din a Villa Millenium-ban.\" \/>\n<meta property=\"og:url\" content=\"https:\/\/villamillennium.hu\/en\/booking\/\" \/>\n<meta property=\"og:site_name\" content=\"Villa Millenium\" \/>\n<meta property=\"article:publisher\" content=\"https:\/\/www.facebook.com\/VillaMillennium\" \/>\n<meta property=\"article:modified_time\" content=\"2022-04-05T13:50:56+00:00\" \/>\n<meta name=\"twitter:card\" content=\"summary_large_image\" \/>\n<meta name=\"twitter:label1\" content=\"Est. reading time\" \/>\n\t<meta name=\"twitter:data1\" content=\"1 minute\" \/>\n<script type=\"application\/ld+json\" class=\"yoast-schema-graph\">{\"@context\":\"https:\/\/schema.org\",\"@graph\":[{\"@type\":\"WebPage\",\"@id\":\"https:\/\/villamillennium.hu\/en\/booking\/\",\"url\":\"https:\/\/villamillennium.hu\/en\/booking\/\",\"name\":\"Booking - Villa Millenium\",\"isPartOf\":{\"@id\":\"https:\/\/villamillennium.hu\/en\/#website\"},\"datePublished\":\"2022-04-04T23:53:05+00:00\",\"dateModified\":\"2022-04-05T13:50:56+00:00\",\"description\":\"Foglaljon online, gyorsan \u00e9s k\u00e9nyelmesen. Legyen vend\u00e9g\u00fcnk Balatonalm\u00e1din a Villa Millenium-ban.\",\"breadcrumb\":{\"@id\":\"https:\/\/villamillennium.hu\/en\/booking\/#breadcrumb\"},\"inLanguage\":\"en-US\",\"potentialAction\":[{\"@type\":\"ReadAction\",\"target\":[\"https:\/\/villamillennium.hu\/en\/booking\/\"]}]},{\"@type\":\"BreadcrumbList\",\"@id\":\"https:\/\/villamillennium.hu\/en\/booking\/#breadcrumb\",\"itemListElement\":[{\"@type\":\"ListItem\",\"position\":1,\"name\":\"Kezd\u0151lap\",\"item\":\"https:\/\/villamillennium.hu\/en\/\"},{\"@type\":\"ListItem\",\"position\":2,\"name\":\"Booking\"}]},{\"@type\":\"WebSite\",\"@id\":\"https:\/\/villamillennium.hu\/en\/#website\",\"url\":\"https:\/\/villamillennium.hu\/en\/\",\"name\":\"Villa Millenium\",\"description\":\"Villa Millenium Balatonalm\u00e1di\",\"publisher\":{\"@id\":\"https:\/\/villamillennium.hu\/en\/#organization\"},\"potentialAction\":[{\"@type\":\"SearchAction\",\"target\":{\"@type\":\"EntryPoint\",\"urlTemplate\":\"https:\/\/villamillennium.hu\/en\/?s={search_term_string}\"},\"query-input\":\"required name=search_term_string\"}],\"inLanguage\":\"en-US\"},{\"@type\":\"Organization\",\"@id\":\"https:\/\/villamillennium.hu\/en\/#organization\",\"name\":\"Villa Millennium\",\"url\":\"https:\/\/villamillennium.hu\/en\/\",\"logo\":{\"@type\":\"ImageObject\",\"inLanguage\":\"en-US\",\"@id\":\"https:\/\/villamillennium.hu\/en\/#\/schema\/logo\/image\/\",\"url\":\"https:\/\/villamillennium.hu\/wp-content\/uploads\/2021\/09\/vallam-logo-ras@4x-8-1.png\",\"contentUrl\":\"https:\/\/villamillennium.hu\/wp-content\/uploads\/2021\/09\/vallam-logo-ras@4x-8-1.png\",\"width\":648,\"height\":152,\"caption\":\"Villa Millennium\"},\"image\":{\"@id\":\"https:\/\/villamillennium.hu\/en\/#\/schema\/logo\/image\/\"},\"sameAs\":[\"https:\/\/www.facebook.com\/VillaMillennium\",\"https:\/\/www.instagram.com\/villamillennium\/\"]}]}<\/script>\n<!-- \/ Yoast SEO plugin. -->","yoast_head_json":{"title":"Booking - Villa Millenium","description":"Foglaljon online, gyorsan \u00e9s k\u00e9nyelmesen. Legyen vend\u00e9g\u00fcnk Balatonalm\u00e1din a Villa Millenium-ban.","robots":{"index":"noindex","follow":"follow"},"og_locale":"en_US","og_type":"article","og_title":"Booking - Villa Millenium","og_description":"Foglaljon online, gyorsan \u00e9s k\u00e9nyelmesen. Legyen vend\u00e9g\u00fcnk Balatonalm\u00e1din a Villa Millenium-ban.","og_url":"https:\/\/villamillennium.hu\/en\/booking\/","og_site_name":"Villa Millenium","article_publisher":"https:\/\/www.facebook.com\/VillaMillennium","article_modified_time":"2022-04-05T13:50:56+00:00","twitter_card":"summary_large_image","twitter_misc":{"Est. reading time":"1 minute"},"schema":{"@context":"https:\/\/schema.org","@graph":[{"@type":"WebPage","@id":"https:\/\/villamillennium.hu\/en\/booking\/","url":"https:\/\/villamillennium.hu\/en\/booking\/","name":"Booking - Villa Millenium","isPartOf":{"@id":"https:\/\/villamillennium.hu\/en\/#website"},"datePublished":"2022-04-04T23:53:05+00:00","dateModified":"2022-04-05T13:50:56+00:00","description":"Foglaljon online, gyorsan \u00e9s k\u00e9nyelmesen. Legyen vend\u00e9g\u00fcnk Balatonalm\u00e1din a Villa Millenium-ban.","breadcrumb":{"@id":"https:\/\/villamillennium.hu\/en\/booking\/#breadcrumb"},"inLanguage":"en-US","potentialAction":[{"@type":"ReadAction","target":["https:\/\/villamillennium.hu\/en\/booking\/"]}]},{"@type":"BreadcrumbList","@id":"https:\/\/villamillennium.hu\/en\/booking\/#breadcrumb","itemListElement":[{"@type":"ListItem","position":1,"name":"Kezd\u0151lap","item":"https:\/\/villamillennium.hu\/en\/"},{"@type":"ListItem","position":2,"name":"Booking"}]},{"@type":"WebSite","@id":"https:\/\/villamillennium.hu\/en\/#website","url":"https:\/\/villamillennium.hu\/en\/","name":"Villa Millenium","description":"Villa Millenium Balatonalm\u00e1di","publisher":{"@id":"https:\/\/villamillennium.hu\/en\/#organization"},"potentialAction":[{"@type":"SearchAction","target":{"@type":"EntryPoint","urlTemplate":"https:\/\/villamillennium.hu\/en\/?s={search_term_string}"},"query-input":"required name=search_term_string"}],"inLanguage":"en-US"},{"@type":"Organization","@id":"https:\/\/villamillennium.hu\/en\/#organization","name":"Villa Millennium","url":"https:\/\/villamillennium.hu\/en\/","logo":{"@type":"ImageObject","inLanguage":"en-US","@id":"https:\/\/villamillennium.hu\/en\/#\/schema\/logo\/image\/","url":"https:\/\/villamillennium.hu\/wp-content\/uploads\/2021\/09\/vallam-logo-ras@4x-8-1.png","contentUrl":"https:\/\/villamillennium.hu\/wp-content\/uploads\/2021\/09\/vallam-logo-ras@4x-8-1.png","width":648,"height":152,"caption":"Villa Millennium"},"image":{"@id":"https:\/\/villamillennium.hu\/en\/#\/schema\/logo\/image\/"},"sameAs":["https:\/\/www.facebook.com\/VillaMillennium","https:\/\/www.instagram.com\/villamillennium\/"]}]}},"_links":{"self":[{"href":"https:\/\/villamillennium.hu\/en\/wp-json\/wp\/v2\/pages\/6698"}],"collection":[{"href":"https:\/\/villamillennium.hu\/en\/wp-json\/wp\/v2\/pages"}],"about":[{"href":"https:\/\/villamillennium.hu\/en\/wp-json\/wp\/v2\/types\/page"}],"author":[{"embeddable":true,"href":"https:\/\/villamillennium.hu\/en\/wp-json\/wp\/v2\/users\/7"}],"replies":[{"embeddable":true,"href":"https:\/\/villamillennium.hu\/en\/wp-json\/wp\/v2\/comments?post=6698"}],"version-history":[{"count":3,"href":"https:\/\/villamillennium.hu\/en\/wp-json\/wp\/v2\/pages\/6698\/revisions"}],"predecessor-version":[{"id":6708,"href":"https:\/\/villamillennium.hu\/en\/wp-json\/wp\/v2\/pages\/6698\/revisions\/6708"}],"wp:attachment":[{"href":"https:\/\/villamillennium.hu\/en\/wp-json\/wp\/v2\/media?parent=6698"}],"curies":[{"name":"wp","href":"https:\/\/api.w.org\/{rel}","templated":true}]}}