{"id":6699,"date":"2022-04-05T01:53:05","date_gmt":"2022-04-04T23:53:05","guid":{"rendered":"https:\/\/villamillennium.hu\/foglalas\/"},"modified":"2022-04-05T15:51:13","modified_gmt":"2022-04-05T13:51:13","slug":"reservierung","status":"publish","type":"page","link":"https:\/\/villamillennium.hu\/de\/reservierung\/","title":{"rendered":"Reservierung"},"content":{"rendered":"<div class=\"wpb-content-wrapper\"><p>[vc_row row_content_width=&#8220;grid&#8220; content_text_aligment=&#8220;center&#8220; css=&#8220;.vc_custom_1637327417138{margin-top: 0px !important;padding-top: 0px !important;padding-bottom: 0px !important;}&#8220;][vc_column css=&#8220;.vc_custom_1634569470991{margin-top: 0px !important;padding-top: 0px !important;background-image: url(https:\/\/villamillennium.hu\/wp-content\/uploads\/2021\/09\/Villa-MillenniumDGy_181_-1.jpg?id=5135) !important;background-position: center !important;background-repeat: no-repeat !important;background-size: cover !important;}&#8220;]<div class=\"eltd-elements-holder   eltd-one-column  eltd-responsive-mode-768 \" ><div class=\"eltd-eh-item    \"  data-item-class=\"eltd-eh-custom-3073\" data-1024-1280=\"15% 0 15% 0\" data-768-1024=\"15% 0 15% 0\" data-680-768=\"20% 0 20% 0\" data-680=\"20% 0 20% 0\">\n\t<div class=\"eltd-eh-item-inner\">\n\t\t<div class=\"eltd-eh-item-content eltd-eh-custom-3073\" style=\"padding: 15% 0 15% 0\">\n\t\t\t\t\t<\/div>\n\t<\/div>\n<\/div><\/div>[\/vc_column][\/vc_row][vc_row row_content_width=&#8220;grid&#8220; content_text_aligment=&#8220;center&#8220; css=&#8220;.vc_custom_1637327448585{padding-top: 40px !important;padding-right: 4% !important;padding-bottom: 40px !important;padding-left: 4% !important;}&#8220;][vc_column]<div class=\"eltd-section-title-holder eltd-separator-disabled  eltd-st-text-position-center\" style=\"text-align: center\">\n    <div class=\"eltd-section-title-inner\">\n                            <h1 class=\"eltd-st-title eltd-title-center\" >\n                <span class=\"eltd-st-before\"><\/span>\n                <span>Reservierung<\/span>\n            <\/h1>\n                            <\/div>\n<\/div>[\/vc_column][\/vc_row][vc_row row_content_width=&#8220;grid&#8220; css=&#8220;.vc_custom_1649117695397{margin-right: 0px !important;margin-bottom: 64px !important;margin-left: 0px !important;padding-right: 0px !important;padding-left: 0px !important;}&#8220;][vc_column css=&#8220;.vc_custom_1649117688002{margin-right: 0px !important;margin-left: 0px !important;padding-right: 0px !important;padding-left: 0px !important;}&#8220;][vc_raw_js]JTNDc2NyaXB0JTNFJTBBdmFyJTIwaG90ZWwlMjAlM0QlMjAlMjd2aWxsYW1pbGxlbml1bSUyNyUzQiUyMCUwQXZhciUyMGlmcmFtZV9rZXklMjAlM0QlMjA5NDAlM0IlMEF2YXIlMjBsYW5nJTIwJTNEJTIwJTI3ZGUlMjclM0IlMEF2YXIlMjBjdXJyZW5jeSUyMCUzRCUyMCUyN0VVUiUyNyUzQiUyMCUwQXZhciUyMHN0aWNreV9oZWFkZXIlMjAlM0QlMjAlMjclMjclM0IlMEF2YXIlMjBiYWRnZV9hbGlnbiUyMCUzRCUyMCUyN2xlZnQlMjclM0IlMEF3aW5kb3cub25pZnJhbWVpbml0aWFsaXplJTIwJTNEJTIwZnVuY3Rpb24lMjglMjklN0IlN0QlMEElM0MlMkZzY3JpcHQlM0UlMEElM0NzY3JpcHQlMjBzcmMlM0QlMjJodHRwcyUzQSUyRiUyRm5ldGhvdGVsYm9va2luZy5uZXQlMkZlbWJlZC5qcyUyMiUzRSUzQyUyRnNjcmlwdCUzRSUyMA==[\/vc_raw_js][\/vc_column][\/vc_row]<\/p>\n<\/div>","protected":false},"excerpt":{"rendered":"<p>[vc_row row_content_width=&#8220;grid&#8220; content_text_aligment=&#8220;center&#8220; css=&#8220;.vc_custom_1637327417138{margin-top: 0px !important;padding-top: 0px !important;padding-bottom: 0px !important;}&#8220;][vc_column css=&#8220;.vc_custom_1634569470991{margin-top: 0px !important;padding-top: 0px !important;background-image: url(https:\/\/villamillennium.hu\/wp-content\/uploads\/2021\/09\/Villa-MillenniumDGy_181_-1.jpg?id=5135) !important;background-position: center !important;background-repeat: no-repeat !important;background-size: cover !important;}&#8220;][\/vc_column][\/vc_row][vc_row row_content_width=&#8220;grid&#8220; content_text_aligment=&#8220;center&#8220; css=&#8220;.vc_custom_1637327448585{padding-top: 40px !important;padding-right: 4% !important;padding-bottom: 40px !important;padding-left: 4% !important;}&#8220;][vc_column][\/vc_column][\/vc_row][vc_row row_content_width=&#8220;grid&#8220; css=&#8220;.vc_custom_1649117695397{margin-right: 0px !important;margin-bottom: 64px !important;margin-left: 0px !important;padding-right: 0px !important;padding-left: 0px !important;}&#8220;][vc_column css=&#8220;.vc_custom_1649117688002{margin-right: 0px !important;margin-left: 0px !important;padding-right: 0px !important;padding-left: 0px !important;}&#8220;][vc_raw_js]JTNDc2NyaXB0JTNFJTBBdmFyJTIwaG90ZWwlMjAlM0QlMjAlMjd2aWxsYW1pbGxlbml1bSUyNyUzQiUyMCUwQXZhciUyMGlmcmFtZV9rZXklMjAlM0QlMjA5NDAlM0IlMEF2YXIlMjBsYW5nJTIwJTNEJTIwJTI3ZGUlMjclM0IlMEF2YXIlMjBjdXJyZW5jeSUyMCUzRCUyMCUyN0VVUiUyNyUzQiUyMCUwQXZhciUyMHN0aWNreV9oZWFkZXIlMjAlM0QlMjAlMjclMjclM0IlMEF2YXIlMjBiYWRnZV9hbGlnbiUyMCUzRCUyMCUyN2xlZnQlMjclM0IlMEF3aW5kb3cub25pZnJhbWVpbml0aWFsaXplJTIwJTNEJTIwZnVuY3Rpb24lMjglMjklN0IlN0QlMEElM0MlMkZzY3JpcHQlM0UlMEElM0NzY3JpcHQlMjBzcmMlM0QlMjJodHRwcyUzQSUyRiUyRm5ldGhvdGVsYm9va2luZy5uZXQlMkZlbWJlZC5qcyUyMiUzRSUzQyUyRnNjcmlwdCUzRSUyMA==[\/vc_raw_js][\/vc_column][\/vc_row]<\/p>\n","protected":false},"author":7,"featured_media":0,"parent":0,"menu_order":0,"comment_status":"closed","ping_status":"closed","template":"full-width.php","meta":[],"yoast_head":"<!-- This site is optimized with the Yoast SEO plugin v20.1 - https:\/\/yoast.com\/wordpress\/plugins\/seo\/ -->\n<title>Reservierung - Villa Millenium<\/title>\n<meta name=\"description\" content=\"Foglaljon online, gyorsan \u00e9s k\u00e9nyelmesen. Legyen vend\u00e9g\u00fcnk Balatonalm\u00e1din a Villa Millenium-ban.\" \/>\n<meta name=\"robots\" content=\"noindex, follow\" \/>\n<meta property=\"og:locale\" content=\"de_DE\" \/>\n<meta property=\"og:type\" content=\"article\" \/>\n<meta property=\"og:title\" content=\"Reservierung - Villa Millenium\" \/>\n<meta property=\"og:description\" content=\"Foglaljon online, gyorsan \u00e9s k\u00e9nyelmesen. Legyen vend\u00e9g\u00fcnk Balatonalm\u00e1din a Villa Millenium-ban.\" \/>\n<meta property=\"og:url\" content=\"https:\/\/villamillennium.hu\/de\/reservierung\/\" \/>\n<meta property=\"og:site_name\" content=\"Villa Millenium\" \/>\n<meta property=\"article:publisher\" content=\"https:\/\/www.facebook.com\/VillaMillennium\" \/>\n<meta property=\"article:modified_time\" content=\"2022-04-05T13:51:13+00:00\" \/>\n<meta name=\"twitter:card\" content=\"summary_large_image\" \/>\n<meta name=\"twitter:label1\" content=\"Gesch\u00e4tzte Lesezeit\" \/>\n\t<meta name=\"twitter:data1\" content=\"1\u00a0Minute\" \/>\n<script type=\"application\/ld+json\" class=\"yoast-schema-graph\">{\"@context\":\"https:\/\/schema.org\",\"@graph\":[{\"@type\":\"WebPage\",\"@id\":\"https:\/\/villamillennium.hu\/de\/reservierung\/\",\"url\":\"https:\/\/villamillennium.hu\/de\/reservierung\/\",\"name\":\"Reservierung - Villa Millenium\",\"isPartOf\":{\"@id\":\"https:\/\/villamillennium.hu\/de\/#website\"},\"datePublished\":\"2022-04-04T23:53:05+00:00\",\"dateModified\":\"2022-04-05T13:51:13+00:00\",\"description\":\"Foglaljon online, gyorsan \u00e9s k\u00e9nyelmesen. Legyen vend\u00e9g\u00fcnk Balatonalm\u00e1din a Villa Millenium-ban.\",\"breadcrumb\":{\"@id\":\"https:\/\/villamillennium.hu\/de\/reservierung\/#breadcrumb\"},\"inLanguage\":\"de\",\"potentialAction\":[{\"@type\":\"ReadAction\",\"target\":[\"https:\/\/villamillennium.hu\/de\/reservierung\/\"]}]},{\"@type\":\"BreadcrumbList\",\"@id\":\"https:\/\/villamillennium.hu\/de\/reservierung\/#breadcrumb\",\"itemListElement\":[{\"@type\":\"ListItem\",\"position\":1,\"name\":\"Kezd\u0151lap\",\"item\":\"https:\/\/villamillennium.hu\/de\/\"},{\"@type\":\"ListItem\",\"position\":2,\"name\":\"Reservierung\"}]},{\"@type\":\"WebSite\",\"@id\":\"https:\/\/villamillennium.hu\/de\/#website\",\"url\":\"https:\/\/villamillennium.hu\/de\/\",\"name\":\"Villa Millenium\",\"description\":\"Villa Millenium Balatonalm\u00e1di\",\"publisher\":{\"@id\":\"https:\/\/villamillennium.hu\/de\/#organization\"},\"potentialAction\":[{\"@type\":\"SearchAction\",\"target\":{\"@type\":\"EntryPoint\",\"urlTemplate\":\"https:\/\/villamillennium.hu\/de\/?s={search_term_string}\"},\"query-input\":\"required name=search_term_string\"}],\"inLanguage\":\"de\"},{\"@type\":\"Organization\",\"@id\":\"https:\/\/villamillennium.hu\/de\/#organization\",\"name\":\"Villa Millennium\",\"url\":\"https:\/\/villamillennium.hu\/de\/\",\"logo\":{\"@type\":\"ImageObject\",\"inLanguage\":\"de\",\"@id\":\"https:\/\/villamillennium.hu\/de\/#\/schema\/logo\/image\/\",\"url\":\"https:\/\/villamillennium.hu\/wp-content\/uploads\/2021\/09\/vallam-logo-ras@4x-8-1.png\",\"contentUrl\":\"https:\/\/villamillennium.hu\/wp-content\/uploads\/2021\/09\/vallam-logo-ras@4x-8-1.png\",\"width\":648,\"height\":152,\"caption\":\"Villa Millennium\"},\"image\":{\"@id\":\"https:\/\/villamillennium.hu\/de\/#\/schema\/logo\/image\/\"},\"sameAs\":[\"https:\/\/www.facebook.com\/VillaMillennium\",\"https:\/\/www.instagram.com\/villamillennium\/\"]}]}<\/script>\n<!-- \/ Yoast SEO plugin. -->","yoast_head_json":{"title":"Reservierung - Villa Millenium","description":"Foglaljon online, gyorsan \u00e9s k\u00e9nyelmesen. Legyen vend\u00e9g\u00fcnk Balatonalm\u00e1din a Villa Millenium-ban.","robots":{"index":"noindex","follow":"follow"},"og_locale":"de_DE","og_type":"article","og_title":"Reservierung - Villa Millenium","og_description":"Foglaljon online, gyorsan \u00e9s k\u00e9nyelmesen. Legyen vend\u00e9g\u00fcnk Balatonalm\u00e1din a Villa Millenium-ban.","og_url":"https:\/\/villamillennium.hu\/de\/reservierung\/","og_site_name":"Villa Millenium","article_publisher":"https:\/\/www.facebook.com\/VillaMillennium","article_modified_time":"2022-04-05T13:51:13+00:00","twitter_card":"summary_large_image","twitter_misc":{"Gesch\u00e4tzte Lesezeit":"1\u00a0Minute"},"schema":{"@context":"https:\/\/schema.org","@graph":[{"@type":"WebPage","@id":"https:\/\/villamillennium.hu\/de\/reservierung\/","url":"https:\/\/villamillennium.hu\/de\/reservierung\/","name":"Reservierung - Villa Millenium","isPartOf":{"@id":"https:\/\/villamillennium.hu\/de\/#website"},"datePublished":"2022-04-04T23:53:05+00:00","dateModified":"2022-04-05T13:51:13+00:00","description":"Foglaljon online, gyorsan \u00e9s k\u00e9nyelmesen. Legyen vend\u00e9g\u00fcnk Balatonalm\u00e1din a Villa Millenium-ban.","breadcrumb":{"@id":"https:\/\/villamillennium.hu\/de\/reservierung\/#breadcrumb"},"inLanguage":"de","potentialAction":[{"@type":"ReadAction","target":["https:\/\/villamillennium.hu\/de\/reservierung\/"]}]},{"@type":"BreadcrumbList","@id":"https:\/\/villamillennium.hu\/de\/reservierung\/#breadcrumb","itemListElement":[{"@type":"ListItem","position":1,"name":"Kezd\u0151lap","item":"https:\/\/villamillennium.hu\/de\/"},{"@type":"ListItem","position":2,"name":"Reservierung"}]},{"@type":"WebSite","@id":"https:\/\/villamillennium.hu\/de\/#website","url":"https:\/\/villamillennium.hu\/de\/","name":"Villa Millenium","description":"Villa Millenium Balatonalm\u00e1di","publisher":{"@id":"https:\/\/villamillennium.hu\/de\/#organization"},"potentialAction":[{"@type":"SearchAction","target":{"@type":"EntryPoint","urlTemplate":"https:\/\/villamillennium.hu\/de\/?s={search_term_string}"},"query-input":"required name=search_term_string"}],"inLanguage":"de"},{"@type":"Organization","@id":"https:\/\/villamillennium.hu\/de\/#organization","name":"Villa Millennium","url":"https:\/\/villamillennium.hu\/de\/","logo":{"@type":"ImageObject","inLanguage":"de","@id":"https:\/\/villamillennium.hu\/de\/#\/schema\/logo\/image\/","url":"https:\/\/villamillennium.hu\/wp-content\/uploads\/2021\/09\/vallam-logo-ras@4x-8-1.png","contentUrl":"https:\/\/villamillennium.hu\/wp-content\/uploads\/2021\/09\/vallam-logo-ras@4x-8-1.png","width":648,"height":152,"caption":"Villa Millennium"},"image":{"@id":"https:\/\/villamillennium.hu\/de\/#\/schema\/logo\/image\/"},"sameAs":["https:\/\/www.facebook.com\/VillaMillennium","https:\/\/www.instagram.com\/villamillennium\/"]}]}},"_links":{"self":[{"href":"https:\/\/villamillennium.hu\/de\/wp-json\/wp\/v2\/pages\/6699"}],"collection":[{"href":"https:\/\/villamillennium.hu\/de\/wp-json\/wp\/v2\/pages"}],"about":[{"href":"https:\/\/villamillennium.hu\/de\/wp-json\/wp\/v2\/types\/page"}],"author":[{"embeddable":true,"href":"https:\/\/villamillennium.hu\/de\/wp-json\/wp\/v2\/users\/7"}],"replies":[{"embeddable":true,"href":"https:\/\/villamillennium.hu\/de\/wp-json\/wp\/v2\/comments?post=6699"}],"version-history":[{"count":3,"href":"https:\/\/villamillennium.hu\/de\/wp-json\/wp\/v2\/pages\/6699\/revisions"}],"predecessor-version":[{"id":6709,"href":"https:\/\/villamillennium.hu\/de\/wp-json\/wp\/v2\/pages\/6699\/revisions\/6709"}],"wp:attachment":[{"href":"https:\/\/villamillennium.hu\/de\/wp-json\/wp\/v2\/media?parent=6699"}],"curies":[{"name":"wp","href":"https:\/\/api.w.org\/{rel}","templated":true}]}}