{"id":6473,"date":"2021-10-26T20:25:28","date_gmt":"2021-10-26T18:25:28","guid":{"rendered":"https:\/\/villamillennium.hu\/impresszum\/"},"modified":"2022-02-04T02:44:04","modified_gmt":"2022-02-04T00:44:04","slug":"impressum","status":"publish","type":"page","link":"https:\/\/villamillennium.hu\/de\/impressum\/","title":{"rendered":"Impressum"},"content":{"rendered":"<div class=\"wpb-content-wrapper\"><p>[vc_row row_content_width=&#8220;grid&#8220; content_text_aligment=&#8220;center&#8220; css=&#8220;.vc_custom_1634568426018{padding-right: 0px !important;padding-left: 0px !important;}&#8220;][vc_column css=&#8220;.vc_custom_1634569333898{padding-right: 0px !important;padding-left: 0px !important;background-image: url(https:\/\/villamillennium.hu\/wp-content\/uploads\/2021\/09\/Villa-MillenniumDGy_031-1.jpg?id=5151) !important;background-position: center !important;background-repeat: no-repeat !important;background-size: cover !important;}&#8220;]<div class=\"eltd-elements-holder   eltd-one-column  eltd-responsive-mode-768 \" ><div class=\"eltd-eh-item    \"  data-item-class=\"eltd-eh-custom-7974\" data-1024-1280=\"15% 0 15% 0\" data-768-1024=\"15% 0 15% 0\" data-680-768=\"20% 0 20% 0\" data-680=\"20% 0 20% 0\">\n\t<div class=\"eltd-eh-item-inner\">\n\t\t<div class=\"eltd-eh-item-content eltd-eh-custom-7974\" style=\"padding: 15% 0 15% 0\">\n\t\t\t\t\t<\/div>\n\t<\/div>\n<\/div><\/div>[\/vc_column][\/vc_row][vc_row row_content_width=&#8220;grid&#8220; content_text_aligment=&#8220;center&#8220; css=&#8220;.vc_custom_1634569276265{padding-top: 100px !important;padding-bottom: 100px !important;}&#8220;][vc_column]<div class=\"eltd-section-title-holder eltd-separator-disabled  eltd-st-text-position-center\" style=\"text-align: center\">\n    <div class=\"eltd-section-title-inner\">\n                            <h1 class=\"eltd-st-title eltd-title-center\" >\n                <span class=\"eltd-st-before\"><\/span>\n                <span>Impresszum<\/span>\n            <\/h1>\n                            <\/div>\n<\/div>[\/vc_column][\/vc_row][vc_row row_content_width=&#8220;grid&#8220; css=&#8220;.vc_custom_1634568662327{margin-bottom: 100px !important;padding-bottom: 50px !important;background-color: #ffffff !important;}&#8220;][vc_column css=&#8220;.vc_custom_1632221346451{padding-right: 50px !important;padding-left: 50px !important;}&#8220;][vc_column_text]A villamillennium.hu oldalait, mint a domain haszn\u00e1l\u00f3ja, a Villa Millennium Kft. \u00fczemelteti. Az oldallal kapcsolatos \u00e9szrev\u00e9teleket a <a href=\"mailto:info@villamillennium.hu\">info@villamillennium.hu<\/a> c\u00edmre v\u00e1rjuk.<\/p>\n<p><strong>\u00dczemeltet\u0151:<\/strong> Villa Millennium Kft<\/p>\n<p><strong>C\u00edm: <\/strong>1026 Budapest, Lotz K\u00e1roly u.16<\/p>\n<p><strong>C\u00e9gjegyz\u00e9ksz\u00e1m:\u00a0<\/strong>01 09 992544<\/p>\n<p><strong>Ad\u00f3sz\u00e1m<\/strong><strong><span style=\"font-weight: normal;\">:\u00a024068862-2-41<\/span><\/strong><\/p>\n<p><strong>Telefon:<\/strong> <a href=\"tel:+36304610229\">+36304610229<\/a><\/p>\n<p><strong>E-mail:<\/strong> <a href=\"mailto:info@villamillennium.hu\">info@villamillennium.hu<\/a>[\/vc_column_text][\/vc_column][\/vc_row]<\/p>\n<\/div>","protected":false},"excerpt":{"rendered":"<p>[vc_row row_content_width=&#8220;grid&#8220; content_text_aligment=&#8220;center&#8220; css=&#8220;.vc_custom_1634568426018{padding-right: 0px !important;padding-left: 0px !important;}&#8220;][vc_column css=&#8220;.vc_custom_1634569333898{padding-right: 0px !important;padding-left: 0px !important;background-image: url(https:\/\/villamillennium.hu\/wp-content\/uploads\/2021\/09\/Villa-MillenniumDGy_031-1.jpg?id=5151) !important;background-position: center !important;background-repeat: no-repeat !important;background-size: cover !important;}&#8220;][\/vc_column][\/vc_row][vc_row row_content_width=&#8220;grid&#8220; content_text_aligment=&#8220;center&#8220; css=&#8220;.vc_custom_1634569276265{padding-top: 100px !important;padding-bottom: 100px !important;}&#8220;][vc_column][\/vc_column][\/vc_row][vc_row row_content_width=&#8220;grid&#8220; css=&#8220;.vc_custom_1634568662327{margin-bottom: 100px !important;padding-bottom: 50px !important;background-color: #ffffff !important;}&#8220;][vc_column css=&#8220;.vc_custom_1632221346451{padding-right: 50px !important;padding-left: 50px !important;}&#8220;][vc_column_text]A villamillennium.hu oldalait, mint a domain haszn\u00e1l\u00f3ja, a Villa Millennium Kft. \u00fczemelteti. Az oldallal kapcsolatos [&hellip;]<\/p>\n","protected":false},"author":7,"featured_media":0,"parent":0,"menu_order":0,"comment_status":"closed","ping_status":"closed","template":"full-width.php","meta":[],"yoast_head":"<!-- This site is optimized with the Yoast SEO plugin v20.1 - https:\/\/yoast.com\/wordpress\/plugins\/seo\/ -->\n<title>Impressum - Villa Millenium<\/title>\n<meta name=\"description\" content=\"L\u00e9pjen kapcsolatba vel\u00fcnk az al\u00e1bbi el\u00e9rhet\u0151s\u00e9geink egyik\u00e9n.\" \/>\n<meta name=\"robots\" content=\"noindex, follow\" \/>\n<meta property=\"og:locale\" content=\"de_DE\" \/>\n<meta property=\"og:type\" content=\"article\" \/>\n<meta property=\"og:title\" content=\"Impressum - Villa Millenium\" \/>\n<meta property=\"og:description\" content=\"L\u00e9pjen kapcsolatba vel\u00fcnk az al\u00e1bbi el\u00e9rhet\u0151s\u00e9geink egyik\u00e9n.\" \/>\n<meta property=\"og:url\" content=\"https:\/\/villamillennium.hu\/de\/impressum\/\" \/>\n<meta property=\"og:site_name\" content=\"Villa Millenium\" \/>\n<meta property=\"article:publisher\" content=\"https:\/\/www.facebook.com\/VillaMillennium\" \/>\n<meta property=\"article:modified_time\" content=\"2022-02-04T00:44:04+00:00\" \/>\n<meta name=\"twitter:card\" content=\"summary_large_image\" \/>\n<meta name=\"twitter:label1\" content=\"Gesch\u00e4tzte Lesezeit\" \/>\n\t<meta name=\"twitter:data1\" content=\"1\u00a0Minute\" \/>\n<script type=\"application\/ld+json\" class=\"yoast-schema-graph\">{\"@context\":\"https:\/\/schema.org\",\"@graph\":[{\"@type\":\"WebPage\",\"@id\":\"https:\/\/villamillennium.hu\/de\/impressum\/\",\"url\":\"https:\/\/villamillennium.hu\/de\/impressum\/\",\"name\":\"Impressum - Villa Millenium\",\"isPartOf\":{\"@id\":\"https:\/\/villamillennium.hu\/de\/#website\"},\"datePublished\":\"2021-10-26T18:25:28+00:00\",\"dateModified\":\"2022-02-04T00:44:04+00:00\",\"description\":\"L\u00e9pjen kapcsolatba vel\u00fcnk az al\u00e1bbi el\u00e9rhet\u0151s\u00e9geink egyik\u00e9n.\",\"breadcrumb\":{\"@id\":\"https:\/\/villamillennium.hu\/de\/impressum\/#breadcrumb\"},\"inLanguage\":\"de\",\"potentialAction\":[{\"@type\":\"ReadAction\",\"target\":[\"https:\/\/villamillennium.hu\/de\/impressum\/\"]}]},{\"@type\":\"BreadcrumbList\",\"@id\":\"https:\/\/villamillennium.hu\/de\/impressum\/#breadcrumb\",\"itemListElement\":[{\"@type\":\"ListItem\",\"position\":1,\"name\":\"Kezd\u0151lap\",\"item\":\"https:\/\/villamillennium.hu\/de\/\"},{\"@type\":\"ListItem\",\"position\":2,\"name\":\"Impressum\"}]},{\"@type\":\"WebSite\",\"@id\":\"https:\/\/villamillennium.hu\/de\/#website\",\"url\":\"https:\/\/villamillennium.hu\/de\/\",\"name\":\"Villa Millenium\",\"description\":\"Villa Millenium Balatonalm\u00e1di\",\"publisher\":{\"@id\":\"https:\/\/villamillennium.hu\/de\/#organization\"},\"potentialAction\":[{\"@type\":\"SearchAction\",\"target\":{\"@type\":\"EntryPoint\",\"urlTemplate\":\"https:\/\/villamillennium.hu\/de\/?s={search_term_string}\"},\"query-input\":\"required name=search_term_string\"}],\"inLanguage\":\"de\"},{\"@type\":\"Organization\",\"@id\":\"https:\/\/villamillennium.hu\/de\/#organization\",\"name\":\"Villa Millennium\",\"url\":\"https:\/\/villamillennium.hu\/de\/\",\"logo\":{\"@type\":\"ImageObject\",\"inLanguage\":\"de\",\"@id\":\"https:\/\/villamillennium.hu\/de\/#\/schema\/logo\/image\/\",\"url\":\"https:\/\/villamillennium.hu\/wp-content\/uploads\/2021\/09\/vallam-logo-ras@4x-8-1.png\",\"contentUrl\":\"https:\/\/villamillennium.hu\/wp-content\/uploads\/2021\/09\/vallam-logo-ras@4x-8-1.png\",\"width\":648,\"height\":152,\"caption\":\"Villa Millennium\"},\"image\":{\"@id\":\"https:\/\/villamillennium.hu\/de\/#\/schema\/logo\/image\/\"},\"sameAs\":[\"https:\/\/www.facebook.com\/VillaMillennium\",\"https:\/\/www.instagram.com\/villamillennium\/\"]}]}<\/script>\n<!-- \/ Yoast SEO plugin. -->","yoast_head_json":{"title":"Impressum - Villa Millenium","description":"L\u00e9pjen kapcsolatba vel\u00fcnk az al\u00e1bbi el\u00e9rhet\u0151s\u00e9geink egyik\u00e9n.","robots":{"index":"noindex","follow":"follow"},"og_locale":"de_DE","og_type":"article","og_title":"Impressum - Villa Millenium","og_description":"L\u00e9pjen kapcsolatba vel\u00fcnk az al\u00e1bbi el\u00e9rhet\u0151s\u00e9geink egyik\u00e9n.","og_url":"https:\/\/villamillennium.hu\/de\/impressum\/","og_site_name":"Villa Millenium","article_publisher":"https:\/\/www.facebook.com\/VillaMillennium","article_modified_time":"2022-02-04T00:44:04+00:00","twitter_card":"summary_large_image","twitter_misc":{"Gesch\u00e4tzte Lesezeit":"1\u00a0Minute"},"schema":{"@context":"https:\/\/schema.org","@graph":[{"@type":"WebPage","@id":"https:\/\/villamillennium.hu\/de\/impressum\/","url":"https:\/\/villamillennium.hu\/de\/impressum\/","name":"Impressum - Villa Millenium","isPartOf":{"@id":"https:\/\/villamillennium.hu\/de\/#website"},"datePublished":"2021-10-26T18:25:28+00:00","dateModified":"2022-02-04T00:44:04+00:00","description":"L\u00e9pjen kapcsolatba vel\u00fcnk az al\u00e1bbi el\u00e9rhet\u0151s\u00e9geink egyik\u00e9n.","breadcrumb":{"@id":"https:\/\/villamillennium.hu\/de\/impressum\/#breadcrumb"},"inLanguage":"de","potentialAction":[{"@type":"ReadAction","target":["https:\/\/villamillennium.hu\/de\/impressum\/"]}]},{"@type":"BreadcrumbList","@id":"https:\/\/villamillennium.hu\/de\/impressum\/#breadcrumb","itemListElement":[{"@type":"ListItem","position":1,"name":"Kezd\u0151lap","item":"https:\/\/villamillennium.hu\/de\/"},{"@type":"ListItem","position":2,"name":"Impressum"}]},{"@type":"WebSite","@id":"https:\/\/villamillennium.hu\/de\/#website","url":"https:\/\/villamillennium.hu\/de\/","name":"Villa Millenium","description":"Villa Millenium Balatonalm\u00e1di","publisher":{"@id":"https:\/\/villamillennium.hu\/de\/#organization"},"potentialAction":[{"@type":"SearchAction","target":{"@type":"EntryPoint","urlTemplate":"https:\/\/villamillennium.hu\/de\/?s={search_term_string}"},"query-input":"required name=search_term_string"}],"inLanguage":"de"},{"@type":"Organization","@id":"https:\/\/villamillennium.hu\/de\/#organization","name":"Villa Millennium","url":"https:\/\/villamillennium.hu\/de\/","logo":{"@type":"ImageObject","inLanguage":"de","@id":"https:\/\/villamillennium.hu\/de\/#\/schema\/logo\/image\/","url":"https:\/\/villamillennium.hu\/wp-content\/uploads\/2021\/09\/vallam-logo-ras@4x-8-1.png","contentUrl":"https:\/\/villamillennium.hu\/wp-content\/uploads\/2021\/09\/vallam-logo-ras@4x-8-1.png","width":648,"height":152,"caption":"Villa Millennium"},"image":{"@id":"https:\/\/villamillennium.hu\/de\/#\/schema\/logo\/image\/"},"sameAs":["https:\/\/www.facebook.com\/VillaMillennium","https:\/\/www.instagram.com\/villamillennium\/"]}]}},"_links":{"self":[{"href":"https:\/\/villamillennium.hu\/de\/wp-json\/wp\/v2\/pages\/6473"}],"collection":[{"href":"https:\/\/villamillennium.hu\/de\/wp-json\/wp\/v2\/pages"}],"about":[{"href":"https:\/\/villamillennium.hu\/de\/wp-json\/wp\/v2\/types\/page"}],"author":[{"embeddable":true,"href":"https:\/\/villamillennium.hu\/de\/wp-json\/wp\/v2\/users\/7"}],"replies":[{"embeddable":true,"href":"https:\/\/villamillennium.hu\/de\/wp-json\/wp\/v2\/comments?post=6473"}],"version-history":[{"count":0,"href":"https:\/\/villamillennium.hu\/de\/wp-json\/wp\/v2\/pages\/6473\/revisions"}],"wp:attachment":[{"href":"https:\/\/villamillennium.hu\/de\/wp-json\/wp\/v2\/media?parent=6473"}],"curies":[{"name":"wp","href":"https:\/\/api.w.org\/{rel}","templated":true}]}}