{"id":6346,"date":"2022-02-02T11:04:38","date_gmt":"2022-02-02T09:04:38","guid":{"rendered":"https:\/\/villamillennium.hu\/?page_id=6346"},"modified":"2023-02-27T13:59:35","modified_gmt":"2023-02-27T11:59:35","slug":"kontakt","status":"publish","type":"page","link":"https:\/\/villamillennium.hu\/de\/kontakt\/","title":{"rendered":"Kontakt"},"content":{"rendered":"<div class=\"wpb-content-wrapper\"><p>[vc_row row_content_width=&#8220;grid&#8220; content_text_aligment=&#8220;center&#8220; css=&#8220;.vc_custom_1637327578812{padding-right: 0px !important;padding-bottom: 0px !important;padding-left: 0px !important;}&#8220;][vc_column css=&#8220;.vc_custom_1637327587014{padding-right: 0px !important;padding-left: 0px !important;background-image: url(https:\/\/villamillennium.hu\/wp-content\/uploads\/2021\/09\/Villa-MillenniumDGy_031-1.jpg?id=5151) !important;background-position: center !important;background-repeat: no-repeat !important;background-size: cover !important;}&#8220;]<div class=\"eltd-elements-holder   eltd-one-column  eltd-responsive-mode-768 \" ><div class=\"eltd-eh-item    \"  data-item-class=\"eltd-eh-custom-4910\" data-1024-1280=\"15% 0 15% 0\" data-768-1024=\"15% 0 15% 0\" data-680-768=\"20% 0 20% 0\" data-680=\"20% 0 20% 0\">\n\t<div class=\"eltd-eh-item-inner\">\n\t\t<div class=\"eltd-eh-item-content eltd-eh-custom-4910\" style=\"padding: 15% 0 15% 0\">\n\t\t\t\t\t<\/div>\n\t<\/div>\n<\/div><\/div>[\/vc_column][\/vc_row][vc_row row_content_width=&#8220;grid&#8220; content_text_aligment=&#8220;center&#8220; css=&#8220;.vc_custom_1637327597407{padding-top: 40px !important;padding-bottom: 40px !important;}&#8220;][vc_column]<div class=\"eltd-section-title-holder eltd-separator-disabled  eltd-st-text-position-center\" style=\"text-align: center\">\n    <div class=\"eltd-section-title-inner\">\n                            <h1 class=\"eltd-st-title eltd-title-center\" >\n                <span class=\"eltd-st-before\"><\/span>\n                <span>Kontakt<\/span>\n            <\/h1>\n                            <\/div>\n<\/div>[\/vc_column][\/vc_row][vc_row row_content_width=&#8220;grid&#8220; content_text_aligment=&#8220;center&#8220; css=&#8220;.vc_custom_1634569352345{padding-top: 20px !important;padding-bottom: 20px !important;background-color: #ffffff !important;}&#8220;][vc_column width=&#8220;1\/3&#8243; offset=&#8220;vc_col-xs-12&#8243;]<div class=\"eltd-elements-holder   eltd-one-column  eltd-responsive-mode-768 \" ><div class=\"eltd-eh-item   eltd-horizontal-alignment-center \"  data-item-class=\"eltd-eh-custom-4170\" data-768-1024=\"0 44px 0 44px\">\n\t<div class=\"eltd-eh-item-inner\">\n\t\t<div class=\"eltd-eh-item-content eltd-eh-custom-4170\" style=\"padding: 0 50px 0 50px\">\n\t\t\t    <span class=\"eltd-icon-shortcode eltd-normal   eltd-icon-medium\"  >\n                    <a itemprop=\"url\" class=\"\" href=\"#\" target=\"_self\">\n                    <span aria-hidden=\"true\" class=\"eltd-icon-linear-icons lnr lnr-map-marker eltd-icon-element\" style=\"font-size:36px\" ><\/span>                    <\/a>\n            <\/span>\n[vc_empty_space height=&#8220;2px&#8220;][vc_column_text]<\/p>\n<p style=\"font-weight: 400; letter-spacing: .1em;\">BALATONALM\u00c1DI<\/p>\n<p>[\/vc_column_text][vc_column_text]<a href=\"https:\/\/goo.gl\/maps\/mnntSEVX2LbaRzoH8\" target=\"_blank\" rel=\"noopener\">8220 Balatonalm\u00e1di, Miksz\u00e1th Stra\u00dfe 5.<\/a>[\/vc_column_text][vc_empty_space height=&#8220;40px&#8220;]\t\t<\/div>\n\t<\/div>\n<\/div><\/div>[\/vc_column][vc_column width=&#8220;1\/3&#8243; offset=&#8220;vc_col-xs-12&#8243;]<div class=\"eltd-elements-holder   eltd-one-column  eltd-responsive-mode-768 \" ><div class=\"eltd-eh-item   eltd-horizontal-alignment-center \"  data-item-class=\"eltd-eh-custom-5196\" data-1280-1600=\"0 4px 0 4px\" data-1024-1280=\"0 5px 0 5px\" data-768-1024=\"0 65px 0 65px\">\n\t<div class=\"eltd-eh-item-inner\">\n\t\t<div class=\"eltd-eh-item-content eltd-eh-custom-5196\" style=\"padding: 0 50px 0 50px\">\n\t\t\t    <span class=\"eltd-icon-shortcode eltd-normal   eltd-icon-medium\"  >\n                    <a itemprop=\"url\" class=\"\" href=\"#\" target=\"_self\">\n                    <span aria-hidden=\"true\" class=\"eltd-icon-linear-icons lnr lnr-phone-handset eltd-icon-element\" style=\"font-size:36px\" ><\/span>                    <\/a>\n            <\/span>\n[vc_empty_space height=&#8220;2px&#8220;][vc_column_text]<\/p>\n<p style=\"font-weight: 400; letter-spacing: .1em;\">RESERVIERUNG<\/p>\n<p>[\/vc_column_text][vc_column_text]Telefon: <a href=\"tel:+36304610229\">+36 30 461 0229<\/a>[\/vc_column_text][vc_empty_space height=&#8220;40px&#8220;]\t\t<\/div>\n\t<\/div>\n<\/div><\/div>[\/vc_column][vc_column width=&#8220;1\/3&#8243; offset=&#8220;vc_col-xs-12&#8243;]<div class=\"eltd-elements-holder   eltd-one-column  eltd-responsive-mode-768 \" ><div class=\"eltd-eh-item   eltd-horizontal-alignment-center \"  data-item-class=\"eltd-eh-custom-5682\" data-1280-1600=\"0 6px 0 6px\" data-1024-1280=\"0 6px 0 6px\" data-768-1024=\"0 65px 0 65px\">\n\t<div class=\"eltd-eh-item-inner\">\n\t\t<div class=\"eltd-eh-item-content eltd-eh-custom-5682\" style=\"padding: 0 50px 0 50px\">\n\t\t\t    <span class=\"eltd-icon-shortcode eltd-normal   eltd-icon-medium\"  >\n                    <a itemprop=\"url\" class=\"\" href=\"#\" target=\"_self\">\n                    <span aria-hidden=\"true\" class=\"eltd-icon-linear-icons lnr lnr-envelope eltd-icon-element\" style=\"font-size:36px\" ><\/span>                    <\/a>\n            <\/span>\n[vc_empty_space height=&#8220;2px&#8220;][vc_column_text]<\/p>\n<p style=\"font-weight: 400; letter-spacing: .1em;\">E-MAIL<\/p>\n<p>[\/vc_column_text][vc_column_text]E-mail: <a href=\"mailto:info@villamillenium.hu\">info@villamillennium.hu<\/a>[\/vc_column_text][vc_empty_space height=&#8220;40px&#8220;]\t\t<\/div>\n\t<\/div>\n<\/div><\/div>[\/vc_column][\/vc_row][vc_row row_content_width=&#8220;grid&#8220; css=&#8220;.vc_custom_1634568662327{margin-bottom: 100px !important;padding-bottom: 50px !important;background-color: #ffffff !important;}&#8220;][vc_column css=&#8220;.vc_custom_1632221346451{padding-right: 50px !important;padding-left: 50px !important;}&#8220;][vc_gmaps link=&#8220;#E-8_JTNDaWZyYW1lJTIwc3JjJTNEJTIyaHR0cHMlM0ElMkYlMkZ3d3cuZ29vZ2xlLmNvbSUyRm1hcHMlMkZlbWJlZCUzRnBiJTNEJTIxMW0xOCUyMTFtMTIlMjExbTMlMjExZDI3MTkuMzg1NzA1MjA2Nzg5JTIxMmQxOC4wMDg4MjY3MTU2MTA3MzglMjEzZDQ3LjAzMjY2MTc3OTE1MDgxNCUyMTJtMyUyMTFmMCUyMTJmMCUyMTNmMCUyMTNtMiUyMTFpMTAyNCUyMTJpNzY4JTIxNGYxMy4xJTIxM20zJTIxMW0yJTIxMXMweDQ3Njk5NDFjNGFjMmY5MTclMjUzQTB4MjFlNzE1MjYwM2RiYTQ1OSUyMTJzVmlsbGElMjUyME1pbGxlbm5pdW0lMjUyMFBhbnppJTI1QzMlMjVCMyUyMTVlMCUyMTNtMiUyMTFzaHUlMjEyc2h1JTIxNHYxNjM1Mjc0NjI5OTkwJTIxNW0yJTIxMXNodSUyMTJzaHUlMjIlMjB3aWR0aCUzRCUyMjYwMCUyMiUyMGhlaWdodCUzRCUyMjQ1MCUyMiUyMHN0eWxlJTNEJTIyYm9yZGVyJTNBMCUzQiUyMiUyMGFsbG93ZnVsbHNjcmVlbiUzRCUyMiUyMiUyMGxvYWRpbmclM0QlMjJsYXp5JTIyJTNFJTNDJTJGaWZyYW1lJTNF&#8220;][\/vc_column][\/vc_row]<\/p>\n<\/div>","protected":false},"excerpt":{"rendered":"<p>[vc_row row_content_width=&#8220;grid&#8220; content_text_aligment=&#8220;center&#8220; css=&#8220;.vc_custom_1637327578812{padding-right: 0px !important;padding-bottom: 0px !important;padding-left: 0px !important;}&#8220;][vc_column css=&#8220;.vc_custom_1637327587014{padding-right: 0px !important;padding-left: 0px !important;background-image: url(https:\/\/villamillennium.hu\/wp-content\/uploads\/2021\/09\/Villa-MillenniumDGy_031-1.jpg?id=5151) !important;background-position: center !important;background-repeat: no-repeat !important;background-size: cover !important;}&#8220;][\/vc_column][\/vc_row][vc_row row_content_width=&#8220;grid&#8220; content_text_aligment=&#8220;center&#8220; css=&#8220;.vc_custom_1637327597407{padding-top: 40px !important;padding-bottom: 40px !important;}&#8220;][vc_column][\/vc_column][\/vc_row][vc_row row_content_width=&#8220;grid&#8220; content_text_aligment=&#8220;center&#8220; css=&#8220;.vc_custom_1634569352345{padding-top: 20px !important;padding-bottom: 20px !important;background-color: #ffffff !important;}&#8220;][vc_column width=&#8220;1\/3&#8243; offset=&#8220;vc_col-xs-12&#8243;][\/vc_column][vc_column width=&#8220;1\/3&#8243; offset=&#8220;vc_col-xs-12&#8243;][\/vc_column][vc_column width=&#8220;1\/3&#8243; offset=&#8220;vc_col-xs-12&#8243;][\/vc_column][\/vc_row][vc_row row_content_width=&#8220;grid&#8220; css=&#8220;.vc_custom_1634568662327{margin-bottom: 100px !important;padding-bottom: 50px !important;background-color: #ffffff !important;}&#8220;][vc_column css=&#8220;.vc_custom_1632221346451{padding-right: 50px [&hellip;]<\/p>\n","protected":false},"author":7,"featured_media":0,"parent":0,"menu_order":0,"comment_status":"closed","ping_status":"closed","template":"full-width.php","meta":[],"yoast_head":"<!-- This site is optimized with the Yoast SEO plugin v20.1 - https:\/\/yoast.com\/wordpress\/plugins\/seo\/ -->\n<title>Kontakt - Villa Millenium<\/title>\n<meta name=\"robots\" content=\"index, follow, max-snippet:-1, max-image-preview:large, max-video-preview:-1\" \/>\n<link rel=\"canonical\" href=\"https:\/\/villamillennium.hu\/de\/kontakt\/\" \/>\n<meta property=\"og:locale\" content=\"de_DE\" \/>\n<meta property=\"og:type\" content=\"article\" \/>\n<meta property=\"og:title\" content=\"Kontakt - Villa Millenium\" \/>\n<meta property=\"og:description\" content=\"[vc_row row_content_width=&#8220;grid&#8220; content_text_aligment=&#8220;center&#8220; css=&#8220;.vc_custom_1637327578812{padding-right: 0px !important;padding-bottom: 0px !important;padding-left: 0px !important;}&#8220;][vc_column css=&#8220;.vc_custom_1637327587014{padding-right: 0px !important;padding-left: 0px !important;background-image: url(https:\/\/villamillennium.hu\/wp-content\/uploads\/2021\/09\/Villa-MillenniumDGy_031-1.jpg?id=5151) !important;background-position: center !important;background-repeat: no-repeat !important;background-size: cover !important;}&#8220;][\/vc_column][\/vc_row][vc_row row_content_width=&#8220;grid&#8220; content_text_aligment=&#8220;center&#8220; css=&#8220;.vc_custom_1637327597407{padding-top: 40px !important;padding-bottom: 40px !important;}&#8220;][vc_column][\/vc_column][\/vc_row][vc_row row_content_width=&#8220;grid&#8220; content_text_aligment=&#8220;center&#8220; css=&#8220;.vc_custom_1634569352345{padding-top: 20px !important;padding-bottom: 20px !important;background-color: #ffffff !important;}&#8220;][vc_column width=&#8220;1\/3&#8243; offset=&#8220;vc_col-xs-12&#8243;][\/vc_column][vc_column width=&#8220;1\/3&#8243; offset=&#8220;vc_col-xs-12&#8243;][\/vc_column][vc_column width=&#8220;1\/3&#8243; offset=&#8220;vc_col-xs-12&#8243;][\/vc_column][\/vc_row][vc_row row_content_width=&#8220;grid&#8220; css=&#8220;.vc_custom_1634568662327{margin-bottom: 100px !important;padding-bottom: 50px !important;background-color: #ffffff !important;}&#8220;][vc_column css=&#8220;.vc_custom_1632221346451{padding-right: 50px [&hellip;]\" \/>\n<meta property=\"og:url\" content=\"https:\/\/villamillennium.hu\/de\/kontakt\/\" \/>\n<meta property=\"og:site_name\" content=\"Villa Millenium\" \/>\n<meta property=\"article:publisher\" content=\"https:\/\/www.facebook.com\/VillaMillennium\" \/>\n<meta property=\"article:modified_time\" content=\"2023-02-27T11:59:35+00:00\" \/>\n<meta name=\"twitter:card\" content=\"summary_large_image\" \/>\n<meta name=\"twitter:label1\" content=\"Gesch\u00e4tzte Lesezeit\" \/>\n\t<meta name=\"twitter:data1\" content=\"2\u00a0Minuten\" \/>\n<script type=\"application\/ld+json\" class=\"yoast-schema-graph\">{\"@context\":\"https:\/\/schema.org\",\"@graph\":[{\"@type\":\"WebPage\",\"@id\":\"https:\/\/villamillennium.hu\/de\/kontakt\/\",\"url\":\"https:\/\/villamillennium.hu\/de\/kontakt\/\",\"name\":\"Kontakt - Villa Millenium\",\"isPartOf\":{\"@id\":\"https:\/\/villamillennium.hu\/de\/#website\"},\"datePublished\":\"2022-02-02T09:04:38+00:00\",\"dateModified\":\"2023-02-27T11:59:35+00:00\",\"breadcrumb\":{\"@id\":\"https:\/\/villamillennium.hu\/de\/kontakt\/#breadcrumb\"},\"inLanguage\":\"de\",\"potentialAction\":[{\"@type\":\"ReadAction\",\"target\":[\"https:\/\/villamillennium.hu\/de\/kontakt\/\"]}]},{\"@type\":\"BreadcrumbList\",\"@id\":\"https:\/\/villamillennium.hu\/de\/kontakt\/#breadcrumb\",\"itemListElement\":[{\"@type\":\"ListItem\",\"position\":1,\"name\":\"Kezd\u0151lap\",\"item\":\"https:\/\/villamillennium.hu\/de\/\"},{\"@type\":\"ListItem\",\"position\":2,\"name\":\"Kontakt\"}]},{\"@type\":\"WebSite\",\"@id\":\"https:\/\/villamillennium.hu\/de\/#website\",\"url\":\"https:\/\/villamillennium.hu\/de\/\",\"name\":\"Villa Millenium\",\"description\":\"Villa Millenium Balatonalm\u00e1di\",\"publisher\":{\"@id\":\"https:\/\/villamillennium.hu\/de\/#organization\"},\"potentialAction\":[{\"@type\":\"SearchAction\",\"target\":{\"@type\":\"EntryPoint\",\"urlTemplate\":\"https:\/\/villamillennium.hu\/de\/?s={search_term_string}\"},\"query-input\":\"required name=search_term_string\"}],\"inLanguage\":\"de\"},{\"@type\":\"Organization\",\"@id\":\"https:\/\/villamillennium.hu\/de\/#organization\",\"name\":\"Villa Millennium\",\"url\":\"https:\/\/villamillennium.hu\/de\/\",\"logo\":{\"@type\":\"ImageObject\",\"inLanguage\":\"de\",\"@id\":\"https:\/\/villamillennium.hu\/de\/#\/schema\/logo\/image\/\",\"url\":\"https:\/\/villamillennium.hu\/wp-content\/uploads\/2021\/09\/vallam-logo-ras@4x-8-1.png\",\"contentUrl\":\"https:\/\/villamillennium.hu\/wp-content\/uploads\/2021\/09\/vallam-logo-ras@4x-8-1.png\",\"width\":648,\"height\":152,\"caption\":\"Villa Millennium\"},\"image\":{\"@id\":\"https:\/\/villamillennium.hu\/de\/#\/schema\/logo\/image\/\"},\"sameAs\":[\"https:\/\/www.facebook.com\/VillaMillennium\",\"https:\/\/www.instagram.com\/villamillennium\/\"]}]}<\/script>\n<!-- \/ Yoast SEO plugin. -->","yoast_head_json":{"title":"Kontakt - Villa Millenium","robots":{"index":"index","follow":"follow","max-snippet":"max-snippet:-1","max-image-preview":"max-image-preview:large","max-video-preview":"max-video-preview:-1"},"canonical":"https:\/\/villamillennium.hu\/de\/kontakt\/","og_locale":"de_DE","og_type":"article","og_title":"Kontakt - Villa Millenium","og_description":"[vc_row row_content_width=&#8220;grid&#8220; content_text_aligment=&#8220;center&#8220; css=&#8220;.vc_custom_1637327578812{padding-right: 0px !important;padding-bottom: 0px !important;padding-left: 0px !important;}&#8220;][vc_column css=&#8220;.vc_custom_1637327587014{padding-right: 0px !important;padding-left: 0px !important;background-image: url(https:\/\/villamillennium.hu\/wp-content\/uploads\/2021\/09\/Villa-MillenniumDGy_031-1.jpg?id=5151) !important;background-position: center !important;background-repeat: no-repeat !important;background-size: cover !important;}&#8220;][\/vc_column][\/vc_row][vc_row row_content_width=&#8220;grid&#8220; content_text_aligment=&#8220;center&#8220; css=&#8220;.vc_custom_1637327597407{padding-top: 40px !important;padding-bottom: 40px !important;}&#8220;][vc_column][\/vc_column][\/vc_row][vc_row row_content_width=&#8220;grid&#8220; content_text_aligment=&#8220;center&#8220; css=&#8220;.vc_custom_1634569352345{padding-top: 20px !important;padding-bottom: 20px !important;background-color: #ffffff !important;}&#8220;][vc_column width=&#8220;1\/3&#8243; offset=&#8220;vc_col-xs-12&#8243;][\/vc_column][vc_column width=&#8220;1\/3&#8243; offset=&#8220;vc_col-xs-12&#8243;][\/vc_column][vc_column width=&#8220;1\/3&#8243; offset=&#8220;vc_col-xs-12&#8243;][\/vc_column][\/vc_row][vc_row row_content_width=&#8220;grid&#8220; css=&#8220;.vc_custom_1634568662327{margin-bottom: 100px !important;padding-bottom: 50px !important;background-color: #ffffff !important;}&#8220;][vc_column css=&#8220;.vc_custom_1632221346451{padding-right: 50px [&hellip;]","og_url":"https:\/\/villamillennium.hu\/de\/kontakt\/","og_site_name":"Villa Millenium","article_publisher":"https:\/\/www.facebook.com\/VillaMillennium","article_modified_time":"2023-02-27T11:59:35+00:00","twitter_card":"summary_large_image","twitter_misc":{"Gesch\u00e4tzte Lesezeit":"2\u00a0Minuten"},"schema":{"@context":"https:\/\/schema.org","@graph":[{"@type":"WebPage","@id":"https:\/\/villamillennium.hu\/de\/kontakt\/","url":"https:\/\/villamillennium.hu\/de\/kontakt\/","name":"Kontakt - Villa Millenium","isPartOf":{"@id":"https:\/\/villamillennium.hu\/de\/#website"},"datePublished":"2022-02-02T09:04:38+00:00","dateModified":"2023-02-27T11:59:35+00:00","breadcrumb":{"@id":"https:\/\/villamillennium.hu\/de\/kontakt\/#breadcrumb"},"inLanguage":"de","potentialAction":[{"@type":"ReadAction","target":["https:\/\/villamillennium.hu\/de\/kontakt\/"]}]},{"@type":"BreadcrumbList","@id":"https:\/\/villamillennium.hu\/de\/kontakt\/#breadcrumb","itemListElement":[{"@type":"ListItem","position":1,"name":"Kezd\u0151lap","item":"https:\/\/villamillennium.hu\/de\/"},{"@type":"ListItem","position":2,"name":"Kontakt"}]},{"@type":"WebSite","@id":"https:\/\/villamillennium.hu\/de\/#website","url":"https:\/\/villamillennium.hu\/de\/","name":"Villa Millenium","description":"Villa Millenium Balatonalm\u00e1di","publisher":{"@id":"https:\/\/villamillennium.hu\/de\/#organization"},"potentialAction":[{"@type":"SearchAction","target":{"@type":"EntryPoint","urlTemplate":"https:\/\/villamillennium.hu\/de\/?s={search_term_string}"},"query-input":"required name=search_term_string"}],"inLanguage":"de"},{"@type":"Organization","@id":"https:\/\/villamillennium.hu\/de\/#organization","name":"Villa Millennium","url":"https:\/\/villamillennium.hu\/de\/","logo":{"@type":"ImageObject","inLanguage":"de","@id":"https:\/\/villamillennium.hu\/de\/#\/schema\/logo\/image\/","url":"https:\/\/villamillennium.hu\/wp-content\/uploads\/2021\/09\/vallam-logo-ras@4x-8-1.png","contentUrl":"https:\/\/villamillennium.hu\/wp-content\/uploads\/2021\/09\/vallam-logo-ras@4x-8-1.png","width":648,"height":152,"caption":"Villa Millennium"},"image":{"@id":"https:\/\/villamillennium.hu\/de\/#\/schema\/logo\/image\/"},"sameAs":["https:\/\/www.facebook.com\/VillaMillennium","https:\/\/www.instagram.com\/villamillennium\/"]}]}},"_links":{"self":[{"href":"https:\/\/villamillennium.hu\/de\/wp-json\/wp\/v2\/pages\/6346"}],"collection":[{"href":"https:\/\/villamillennium.hu\/de\/wp-json\/wp\/v2\/pages"}],"about":[{"href":"https:\/\/villamillennium.hu\/de\/wp-json\/wp\/v2\/types\/page"}],"author":[{"embeddable":true,"href":"https:\/\/villamillennium.hu\/de\/wp-json\/wp\/v2\/users\/7"}],"replies":[{"embeddable":true,"href":"https:\/\/villamillennium.hu\/de\/wp-json\/wp\/v2\/comments?post=6346"}],"version-history":[{"count":1,"href":"https:\/\/villamillennium.hu\/de\/wp-json\/wp\/v2\/pages\/6346\/revisions"}],"predecessor-version":[{"id":6845,"href":"https:\/\/villamillennium.hu\/de\/wp-json\/wp\/v2\/pages\/6346\/revisions\/6845"}],"wp:attachment":[{"href":"https:\/\/villamillennium.hu\/de\/wp-json\/wp\/v2\/media?parent=6346"}],"curies":[{"name":"wp","href":"https:\/\/api.w.org\/{rel}","templated":true}]}}