{"id":6338,"date":"2022-02-02T10:33:16","date_gmt":"2022-02-02T08:33:16","guid":{"rendered":"https:\/\/villamillennium.hu\/?page_id=6338"},"modified":"2022-02-21T12:37:29","modified_gmt":"2022-02-21T10:37:29","slug":"geschichte","status":"publish","type":"page","link":"https:\/\/villamillennium.hu\/de\/geschichte\/","title":{"rendered":"Geschichte"},"content":{"rendered":"<div class=\"wpb-content-wrapper\"><p>[vc_row row_content_width=&#8220;grid&#8220; content_text_aligment=&#8220;center&#8220; css=&#8220;.vc_custom_1638370192762{margin-top: 100px !important;padding-top: 40px !important;padding-bottom: 40px !important;background-color: #ffffff !important;}&#8220;][vc_column]<div class=\"eltd-section-title-holder eltd-separator-disabled  eltd-st-text-position-center\" style=\"text-align: center\">\n    <div class=\"eltd-section-title-inner\">\n                            <h1 class=\"eltd-st-title eltd-title-center\" >\n                <span class=\"eltd-st-before\"><\/span>\n                <span>Geschichte<\/span>\n            <\/h1>\n                            <\/div>\n<\/div>[\/vc_column][\/vc_row][vc_row row_content_width=&#8220;grid&#8220; css=&#8220;.vc_custom_1637331550148{margin-bottom: 100px !important;padding-right: 20px !important;padding-bottom: 50px !important;padding-left: 20px !important;background-color: #ffffff !important;}&#8220;][vc_column][vc_row_inner][vc_column_inner][\/vc_column_inner][\/vc_row_inner][vc_row_inner][vc_column_inner]<div class=\"eltd-section-title-holder eltd-separator-disabled  eltd-st-text-position-left\" style=\"text-align: left\">\n    <div class=\"eltd-section-title-inner\">\n                    <h4 class=\"eltd-st-subtitle\" >\n                <span>Die Pension Villa Millennium befindet sich im Herzen von Balatonalm\u00e1di, 600 m vom Plattensee entfernt, von H\u00fcgeln umgeben, in einer ruhigen Sackgasse.Die Geschichte des Geb\u00e4udes geht bis zum Millenium zur\u00fcck. Ab 1910 diente es unter dem Namen Ferienhaus von Tante Gisus, ab 1930 sorgte Famlile Jo\u00f3 f\u00fcr die niveauvolle Betreuung der G\u00e4ste. Nach dem zweiten Weltkrieg fungierte sie als Betriebsferienheim und Pension. Der rote Stein, die Verandas mit gefr\u00e4sten spitzenartigen Holzdekor, die breiten W\u00e4nde, sowie s\u00e4mtliche feine Details rufen die Stimmung und die Welt vergangenen herrlichen Sommer am Plattensee getreulich hervor, die Liebe des Sonnenscheins, die sorglose Freude am Sport und Baden. Die neuen induviduell eingerichteten Zimmer und R\u00e4ume der Pension Villa Millennium erreichten in diesem Jahr ihre jetzige Form, nach sorgf\u00e4ltiger Planung und Umbau durch das Studio Wagner Interior Design. Die Einrichtung, die fr\u00f6hlichen Farben, der Stil und das Personal leistet Garantie f\u00fcr Ihren Komfort. Auf unserer Panorama-Terrasse, im Schatten alter Fichtenb\u00e4ume k\u00f6nnen Sie den Geschmack der Balatoner Weine, sowie die Frische der Kaffeespezialit\u00e4ten genie\u00dfen. F\u00fcr unsere aktiven G\u00e4ste bieten wir s\u00e4mtliche Sportm\u00f6glichkeiten.Besuchen Sie uns, seien Sie unser Gast und wir tun alles f\u00fcr Ihre Erholung und Bedienung. Wir hoffen, dass Sie sich bei uns wohl und zuhause f\u00fchlen. Wir w\u00fcrden uns freuen, Sie als wiederkehrenden Freund immer wieder bei uns begr\u00fc\u00dfen zu d\u00fcrfen.<\/span>\n            <\/h4>\n                                    <\/div>\n<\/div>[\/vc_column_inner][\/vc_row_inner][vc_row_inner][vc_column_inner]<div class=\"eltd-section-title-holder eltd-separator-disabled  eltd-st-text-position-left\" style=\"text-align: left\">\n    <div class=\"eltd-section-title-inner\">\n                                    <\/div>\n<\/div><div class=\"eltd-image-gallery  eltd-ig-grid-type eltd-large-space     \">\n\t<div class=\"eltd-ig-inner eltd-outer-space eltd-ig-grid eltd-ig-two-columns\">\n\t\t\t\t\t<div class=\"eltd-ig-image eltd-item-space\">\n\t\t\t\t<div class=\"eltd-ig-image-inner\">\n\t\t\t\t\t\t\t\t\t\t\t<img width=\"1920\" height=\"1210\" src=\"https:\/\/villamillennium.hu\/wp-content\/uploads\/2021\/09\/Jo-panzio-02.jpg\" class=\"attachment-full size-full\" alt=\"\" decoding=\"async\" srcset=\"https:\/\/villamillennium.hu\/wp-content\/uploads\/2021\/09\/Jo-panzio-02.jpg 1920w, https:\/\/villamillennium.hu\/wp-content\/uploads\/2021\/09\/Jo-panzio-02-300x189.jpg 300w, https:\/\/villamillennium.hu\/wp-content\/uploads\/2021\/09\/Jo-panzio-02-1024x645.jpg 1024w, https:\/\/villamillennium.hu\/wp-content\/uploads\/2021\/09\/Jo-panzio-02-768x484.jpg 768w, https:\/\/villamillennium.hu\/wp-content\/uploads\/2021\/09\/Jo-panzio-02-1536x968.jpg 1536w\" sizes=\"(max-width: 1920px) 100vw, 1920px\" \/>\t\t\t\t\t\t\t\t\t<\/div>\n\t\t\t<\/div>\n\t\t\t\t\t<div class=\"eltd-ig-image eltd-item-space\">\n\t\t\t\t<div class=\"eltd-ig-image-inner\">\n\t\t\t\t\t\t\t\t\t\t\t<img width=\"1920\" height=\"1210\" src=\"https:\/\/villamillennium.hu\/wp-content\/uploads\/2021\/09\/Jo-panzio-01_1000.jpg\" class=\"attachment-full size-full\" alt=\"\" decoding=\"async\" srcset=\"https:\/\/villamillennium.hu\/wp-content\/uploads\/2021\/09\/Jo-panzio-01_1000.jpg 1920w, https:\/\/villamillennium.hu\/wp-content\/uploads\/2021\/09\/Jo-panzio-01_1000-300x189.jpg 300w, https:\/\/villamillennium.hu\/wp-content\/uploads\/2021\/09\/Jo-panzio-01_1000-1024x645.jpg 1024w, https:\/\/villamillennium.hu\/wp-content\/uploads\/2021\/09\/Jo-panzio-01_1000-768x484.jpg 768w, https:\/\/villamillennium.hu\/wp-content\/uploads\/2021\/09\/Jo-panzio-01_1000-1536x968.jpg 1536w\" sizes=\"(max-width: 1920px) 100vw, 1920px\" \/>\t\t\t\t\t\t\t\t\t<\/div>\n\t\t\t<\/div>\n\t\t\t<\/div>\n<\/div>[\/vc_column_inner][\/vc_row_inner][\/vc_column][\/vc_row]<\/p>\n<\/div>","protected":false},"excerpt":{"rendered":"<p>[vc_row row_content_width=&#8220;grid&#8220; content_text_aligment=&#8220;center&#8220; css=&#8220;.vc_custom_1638370192762{margin-top: 100px !important;padding-top: 40px !important;padding-bottom: 40px !important;background-color: #ffffff !important;}&#8220;][vc_column][\/vc_column][\/vc_row][vc_row row_content_width=&#8220;grid&#8220; css=&#8220;.vc_custom_1637331550148{margin-bottom: 100px !important;padding-right: 20px !important;padding-bottom: 50px !important;padding-left: 20px !important;background-color: #ffffff !important;}&#8220;][vc_column][vc_row_inner][vc_column_inner][\/vc_column_inner][\/vc_row_inner][vc_row_inner][vc_column_inner][\/vc_column_inner][\/vc_row_inner][vc_row_inner][vc_column_inner][\/vc_column_inner][\/vc_row_inner][\/vc_column][\/vc_row]<\/p>\n","protected":false},"author":7,"featured_media":0,"parent":0,"menu_order":0,"comment_status":"closed","ping_status":"closed","template":"full-width.php","meta":[],"yoast_head":"<!-- This site is optimized with the Yoast SEO plugin v20.1 - https:\/\/yoast.com\/wordpress\/plugins\/seo\/ -->\n<title>Geschichte - Villa Millenium<\/title>\n<meta name=\"robots\" content=\"index, follow, max-snippet:-1, max-image-preview:large, max-video-preview:-1\" \/>\n<link rel=\"canonical\" href=\"https:\/\/villamillennium.hu\/de\/geschichte\/\" \/>\n<meta property=\"og:locale\" content=\"de_DE\" \/>\n<meta property=\"og:type\" content=\"article\" \/>\n<meta property=\"og:title\" content=\"Geschichte - Villa Millenium\" \/>\n<meta property=\"og:description\" content=\"[vc_row row_content_width=&#8220;grid&#8220; content_text_aligment=&#8220;center&#8220; css=&#8220;.vc_custom_1638370192762{margin-top: 100px !important;padding-top: 40px !important;padding-bottom: 40px !important;background-color: #ffffff !important;}&#8220;][vc_column][\/vc_column][\/vc_row][vc_row row_content_width=&#8220;grid&#8220; css=&#8220;.vc_custom_1637331550148{margin-bottom: 100px !important;padding-right: 20px !important;padding-bottom: 50px !important;padding-left: 20px !important;background-color: #ffffff !important;}&#8220;][vc_column][vc_row_inner][vc_column_inner][\/vc_column_inner][\/vc_row_inner][vc_row_inner][vc_column_inner][\/vc_column_inner][\/vc_row_inner][vc_row_inner][vc_column_inner][\/vc_column_inner][\/vc_row_inner][\/vc_column][\/vc_row]\" \/>\n<meta property=\"og:url\" content=\"https:\/\/villamillennium.hu\/de\/geschichte\/\" \/>\n<meta property=\"og:site_name\" content=\"Villa Millenium\" \/>\n<meta property=\"article:publisher\" content=\"https:\/\/www.facebook.com\/VillaMillennium\" \/>\n<meta property=\"article:modified_time\" content=\"2022-02-21T10:37:29+00:00\" \/>\n<meta name=\"twitter:card\" content=\"summary_large_image\" \/>\n<meta name=\"twitter:label1\" content=\"Gesch\u00e4tzte Lesezeit\" \/>\n\t<meta name=\"twitter:data1\" content=\"2\u00a0Minuten\" \/>\n<script type=\"application\/ld+json\" class=\"yoast-schema-graph\">{\"@context\":\"https:\/\/schema.org\",\"@graph\":[{\"@type\":\"WebPage\",\"@id\":\"https:\/\/villamillennium.hu\/de\/geschichte\/\",\"url\":\"https:\/\/villamillennium.hu\/de\/geschichte\/\",\"name\":\"Geschichte - Villa Millenium\",\"isPartOf\":{\"@id\":\"https:\/\/villamillennium.hu\/de\/#website\"},\"datePublished\":\"2022-02-02T08:33:16+00:00\",\"dateModified\":\"2022-02-21T10:37:29+00:00\",\"breadcrumb\":{\"@id\":\"https:\/\/villamillennium.hu\/de\/geschichte\/#breadcrumb\"},\"inLanguage\":\"de\",\"potentialAction\":[{\"@type\":\"ReadAction\",\"target\":[\"https:\/\/villamillennium.hu\/de\/geschichte\/\"]}]},{\"@type\":\"BreadcrumbList\",\"@id\":\"https:\/\/villamillennium.hu\/de\/geschichte\/#breadcrumb\",\"itemListElement\":[{\"@type\":\"ListItem\",\"position\":1,\"name\":\"Kezd\u0151lap\",\"item\":\"https:\/\/villamillennium.hu\/de\/\"},{\"@type\":\"ListItem\",\"position\":2,\"name\":\"Geschichte\"}]},{\"@type\":\"WebSite\",\"@id\":\"https:\/\/villamillennium.hu\/de\/#website\",\"url\":\"https:\/\/villamillennium.hu\/de\/\",\"name\":\"Villa Millenium\",\"description\":\"Villa Millenium Balatonalm\u00e1di\",\"publisher\":{\"@id\":\"https:\/\/villamillennium.hu\/de\/#organization\"},\"potentialAction\":[{\"@type\":\"SearchAction\",\"target\":{\"@type\":\"EntryPoint\",\"urlTemplate\":\"https:\/\/villamillennium.hu\/de\/?s={search_term_string}\"},\"query-input\":\"required name=search_term_string\"}],\"inLanguage\":\"de\"},{\"@type\":\"Organization\",\"@id\":\"https:\/\/villamillennium.hu\/de\/#organization\",\"name\":\"Villa Millennium\",\"url\":\"https:\/\/villamillennium.hu\/de\/\",\"logo\":{\"@type\":\"ImageObject\",\"inLanguage\":\"de\",\"@id\":\"https:\/\/villamillennium.hu\/de\/#\/schema\/logo\/image\/\",\"url\":\"https:\/\/villamillennium.hu\/wp-content\/uploads\/2021\/09\/vallam-logo-ras@4x-8-1.png\",\"contentUrl\":\"https:\/\/villamillennium.hu\/wp-content\/uploads\/2021\/09\/vallam-logo-ras@4x-8-1.png\",\"width\":648,\"height\":152,\"caption\":\"Villa Millennium\"},\"image\":{\"@id\":\"https:\/\/villamillennium.hu\/de\/#\/schema\/logo\/image\/\"},\"sameAs\":[\"https:\/\/www.facebook.com\/VillaMillennium\",\"https:\/\/www.instagram.com\/villamillennium\/\"]}]}<\/script>\n<!-- \/ Yoast SEO plugin. -->","yoast_head_json":{"title":"Geschichte - Villa Millenium","robots":{"index":"index","follow":"follow","max-snippet":"max-snippet:-1","max-image-preview":"max-image-preview:large","max-video-preview":"max-video-preview:-1"},"canonical":"https:\/\/villamillennium.hu\/de\/geschichte\/","og_locale":"de_DE","og_type":"article","og_title":"Geschichte - Villa Millenium","og_description":"[vc_row row_content_width=&#8220;grid&#8220; content_text_aligment=&#8220;center&#8220; css=&#8220;.vc_custom_1638370192762{margin-top: 100px !important;padding-top: 40px !important;padding-bottom: 40px !important;background-color: #ffffff !important;}&#8220;][vc_column][\/vc_column][\/vc_row][vc_row row_content_width=&#8220;grid&#8220; css=&#8220;.vc_custom_1637331550148{margin-bottom: 100px !important;padding-right: 20px !important;padding-bottom: 50px !important;padding-left: 20px !important;background-color: #ffffff !important;}&#8220;][vc_column][vc_row_inner][vc_column_inner][\/vc_column_inner][\/vc_row_inner][vc_row_inner][vc_column_inner][\/vc_column_inner][\/vc_row_inner][vc_row_inner][vc_column_inner][\/vc_column_inner][\/vc_row_inner][\/vc_column][\/vc_row]","og_url":"https:\/\/villamillennium.hu\/de\/geschichte\/","og_site_name":"Villa Millenium","article_publisher":"https:\/\/www.facebook.com\/VillaMillennium","article_modified_time":"2022-02-21T10:37:29+00:00","twitter_card":"summary_large_image","twitter_misc":{"Gesch\u00e4tzte Lesezeit":"2\u00a0Minuten"},"schema":{"@context":"https:\/\/schema.org","@graph":[{"@type":"WebPage","@id":"https:\/\/villamillennium.hu\/de\/geschichte\/","url":"https:\/\/villamillennium.hu\/de\/geschichte\/","name":"Geschichte - Villa Millenium","isPartOf":{"@id":"https:\/\/villamillennium.hu\/de\/#website"},"datePublished":"2022-02-02T08:33:16+00:00","dateModified":"2022-02-21T10:37:29+00:00","breadcrumb":{"@id":"https:\/\/villamillennium.hu\/de\/geschichte\/#breadcrumb"},"inLanguage":"de","potentialAction":[{"@type":"ReadAction","target":["https:\/\/villamillennium.hu\/de\/geschichte\/"]}]},{"@type":"BreadcrumbList","@id":"https:\/\/villamillennium.hu\/de\/geschichte\/#breadcrumb","itemListElement":[{"@type":"ListItem","position":1,"name":"Kezd\u0151lap","item":"https:\/\/villamillennium.hu\/de\/"},{"@type":"ListItem","position":2,"name":"Geschichte"}]},{"@type":"WebSite","@id":"https:\/\/villamillennium.hu\/de\/#website","url":"https:\/\/villamillennium.hu\/de\/","name":"Villa Millenium","description":"Villa Millenium Balatonalm\u00e1di","publisher":{"@id":"https:\/\/villamillennium.hu\/de\/#organization"},"potentialAction":[{"@type":"SearchAction","target":{"@type":"EntryPoint","urlTemplate":"https:\/\/villamillennium.hu\/de\/?s={search_term_string}"},"query-input":"required name=search_term_string"}],"inLanguage":"de"},{"@type":"Organization","@id":"https:\/\/villamillennium.hu\/de\/#organization","name":"Villa Millennium","url":"https:\/\/villamillennium.hu\/de\/","logo":{"@type":"ImageObject","inLanguage":"de","@id":"https:\/\/villamillennium.hu\/de\/#\/schema\/logo\/image\/","url":"https:\/\/villamillennium.hu\/wp-content\/uploads\/2021\/09\/vallam-logo-ras@4x-8-1.png","contentUrl":"https:\/\/villamillennium.hu\/wp-content\/uploads\/2021\/09\/vallam-logo-ras@4x-8-1.png","width":648,"height":152,"caption":"Villa Millennium"},"image":{"@id":"https:\/\/villamillennium.hu\/de\/#\/schema\/logo\/image\/"},"sameAs":["https:\/\/www.facebook.com\/VillaMillennium","https:\/\/www.instagram.com\/villamillennium\/"]}]}},"_links":{"self":[{"href":"https:\/\/villamillennium.hu\/de\/wp-json\/wp\/v2\/pages\/6338"}],"collection":[{"href":"https:\/\/villamillennium.hu\/de\/wp-json\/wp\/v2\/pages"}],"about":[{"href":"https:\/\/villamillennium.hu\/de\/wp-json\/wp\/v2\/types\/page"}],"author":[{"embeddable":true,"href":"https:\/\/villamillennium.hu\/de\/wp-json\/wp\/v2\/users\/7"}],"replies":[{"embeddable":true,"href":"https:\/\/villamillennium.hu\/de\/wp-json\/wp\/v2\/comments?post=6338"}],"version-history":[{"count":2,"href":"https:\/\/villamillennium.hu\/de\/wp-json\/wp\/v2\/pages\/6338\/revisions"}],"predecessor-version":[{"id":6635,"href":"https:\/\/villamillennium.hu\/de\/wp-json\/wp\/v2\/pages\/6338\/revisions\/6635"}],"wp:attachment":[{"href":"https:\/\/villamillennium.hu\/de\/wp-json\/wp\/v2\/media?parent=6338"}],"curies":[{"name":"wp","href":"https:\/\/api.w.org\/{rel}","templated":true}]}}